{"id":229764,"date":"2022-03-10T14:36:23","date_gmt":"2022-03-10T13:36:23","guid":{"rendered":"https:\/\/pollmann.de\/produkt\/beschlagsortiment-fuer-jaegerzaun-doppeltore\/"},"modified":"2022-03-10T14:37:22","modified_gmt":"2022-03-10T13:37:22","slug":"beschlagsortiment-fuer-jaegerzaun-doppeltore","status":"publish","type":"product","link":"https:\/\/pollmann.de\/de_de\/produkt\/beschlagsortiment-fuer-jaegerzaun-doppeltore\/","title":{"rendered":"Beschlagsortiment f\u00fcr J\u00e4gerzaun Doppeltore"},"content":{"rendered":"<p>komplettes Beschlagsortiment f\u00fcr die Montage eines J\u00e4gerzaun-Doppeltores,<br \/>\nbestehend aus: 4 Ladenb\u00e4nder 16\/700, 4 Haken D1\/16, 1 Doppeltor\u00fcberwurf niedrig, 1 Bodenschieber 400 mm lang, 1 Auflaufst\u00fctze mit Betonkrallen zum Anschrauben, 1 Schraubensortiment, kartonverpackt<\/p>\n","protected":false},"excerpt":{"rendered":"<p>komplettes Beschlagsortiment f\u00fcr die Montage eines J\u00e4gerzaun-Doppeltores,<br \/>\nbestehend aus: 4 Ladenb\u00e4nder 16\/700, 4 Haken D1\/16, 1 Doppeltor\u00fcberwurf niedrig, 1 Bodenschieber 400 mm lang, 1 Auflaufst\u00fctze mit Betonkrallen zum Anschrauben, 1 Schraubensortiment, kartonverpackt<\/p>\n","protected":false},"featured_media":227598,"comment_status":"closed","ping_status":"closed","template":"","meta":{"_acf_changed":false,"_et_pb_use_builder":"","_et_pb_old_content":"","_et_gb_content_width":""},"product_brand":[],"product_cat":[2013,1731],"product_tag":[2020,2021,2017,2023,2018,794,457,2015],"class_list":{"0":"post-229764","1":"product","2":"type-product","3":"status-publish","4":"has-post-thumbnail","6":"product_cat-beschlagsortimente","7":"product_cat-torbeschlaege","8":"product_tag-beschlagsortiment","9":"product_tag-doppeltor","10":"product_tag-haken-d1","11":"product_tag-jaegerzaun","12":"product_tag-kloben-auf-platte","13":"product_tag-ladenband","14":"product_tag-torbeschlag","15":"product_tag-vorgartentor","16":"pa_varianten-beschlagsortiment-fuer-jaegerzaun-doppeltor-feuerverzinkt","17":"pa_varianten-beschlagsortiment-fuer-jaegerzaun-doppeltor-hell-verzinkt","19":"first","20":"instock","21":"purchasable","22":"product-type-variable"},"acf":[],"_links":{"self":[{"href":"https:\/\/pollmann.de\/de_de\/wp-json\/wp\/v2\/product\/229764","targetHints":{"allow":["GET"]}}],"collection":[{"href":"https:\/\/pollmann.de\/de_de\/wp-json\/wp\/v2\/product"}],"about":[{"href":"https:\/\/pollmann.de\/de_de\/wp-json\/wp\/v2\/types\/product"}],"replies":[{"embeddable":true,"href":"https:\/\/pollmann.de\/de_de\/wp-json\/wp\/v2\/comments?post=229764"}],"wp:featuredmedia":[{"embeddable":true,"href":"https:\/\/pollmann.de\/de_de\/wp-json\/wp\/v2\/media\/227598"}],"wp:attachment":[{"href":"https:\/\/pollmann.de\/de_de\/wp-json\/wp\/v2\/media?parent=229764"}],"wp:term":[{"taxonomy":"product_brand","embeddable":true,"href":"https:\/\/pollmann.de\/de_de\/wp-json\/wp\/v2\/product_brand?post=229764"},{"taxonomy":"product_cat","embeddable":true,"href":"https:\/\/pollmann.de\/de_de\/wp-json\/wp\/v2\/product_cat?post=229764"},{"taxonomy":"product_tag","embeddable":true,"href":"https:\/\/pollmann.de\/de_de\/wp-json\/wp\/v2\/product_tag?post=229764"}],"curies":[{"name":"wp","href":"https:\/\/api.w.org\/{rel}","templated":true}]}}