{"id":229763,"date":"2022-03-10T14:36:23","date_gmt":"2022-03-10T13:36:23","guid":{"rendered":"https:\/\/pollmann.de\/produkt\/torband-mit-einschweissmutter\/"},"modified":"2022-03-10T14:38:09","modified_gmt":"2022-03-10T13:38:09","slug":"torband-mit-einschweissmutter","status":"publish","type":"product","link":"https:\/\/pollmann.de\/de_de\/produkt\/torband-mit-einschweissmutter\/","title":{"rendered":"Torband mit Einschwei\u00dfmutter"},"content":{"rendered":"<p>Schraube und Einschwei\u00dfmutter verzinkt, Schwei\u00dffl\u00e4che Eisen roh<\/p>\n","protected":false},"excerpt":{"rendered":"<p>Schraube und Einschwei\u00dfmutter verzinkt, Schwei\u00dffl\u00e4che Eisen roh<\/p>\n","protected":false},"featured_media":227584,"comment_status":"closed","ping_status":"closed","template":"","meta":{"_acf_changed":false,"_et_pb_use_builder":"","_et_pb_old_content":"","_et_gb_content_width":""},"product_brand":[],"product_cat":[1916,1731],"product_tag":[1938,1933,1936,1937],"class_list":{"0":"post-229763","1":"product","2":"type-product","3":"status-publish","4":"has-post-thumbnail","6":"product_cat-metall-torbeschlaege","7":"product_cat-torbeschlaege","8":"product_tag-anschweissband","9":"product_tag-metalltorbeschlag","10":"product_tag-metalltorbeschlaege","11":"product_tag-torband-zum-anschweissen","12":"pa_varianten-torband-m-16-mit-einschweissmutter-eisen-blank","13":"pa_varianten-torband-m-20-mit-einschweissmutter-eisen-blank","14":"pa_varianten-torband-m-24-mit-einschweissmutter-eisen-blank","16":"first","17":"instock","18":"purchasable","19":"product-type-variable"},"acf":[],"_links":{"self":[{"href":"https:\/\/pollmann.de\/de_de\/wp-json\/wp\/v2\/product\/229763","targetHints":{"allow":["GET"]}}],"collection":[{"href":"https:\/\/pollmann.de\/de_de\/wp-json\/wp\/v2\/product"}],"about":[{"href":"https:\/\/pollmann.de\/de_de\/wp-json\/wp\/v2\/types\/product"}],"replies":[{"embeddable":true,"href":"https:\/\/pollmann.de\/de_de\/wp-json\/wp\/v2\/comments?post=229763"}],"wp:featuredmedia":[{"embeddable":true,"href":"https:\/\/pollmann.de\/de_de\/wp-json\/wp\/v2\/media\/227584"}],"wp:attachment":[{"href":"https:\/\/pollmann.de\/de_de\/wp-json\/wp\/v2\/media?parent=229763"}],"wp:term":[{"taxonomy":"product_brand","embeddable":true,"href":"https:\/\/pollmann.de\/de_de\/wp-json\/wp\/v2\/product_brand?post=229763"},{"taxonomy":"product_cat","embeddable":true,"href":"https:\/\/pollmann.de\/de_de\/wp-json\/wp\/v2\/product_cat?post=229763"},{"taxonomy":"product_tag","embeddable":true,"href":"https:\/\/pollmann.de\/de_de\/wp-json\/wp\/v2\/product_tag?post=229763"}],"curies":[{"name":"wp","href":"https:\/\/api.w.org\/{rel}","templated":true}]}}