{"id":229735,"date":"2022-03-10T14:36:23","date_gmt":"2022-03-10T13:36:23","guid":{"rendered":"https:\/\/pollmann.de\/produkt\/drueckerlochteil-r-randgehaemmert\/"},"modified":"2022-03-10T14:37:24","modified_gmt":"2022-03-10T13:37:24","slug":"drueckerlochteil-r-randgehaemmert","status":"publish","type":"product","link":"https:\/\/pollmann.de\/de_de\/produkt\/drueckerlochteil-r-randgehaemmert\/","title":{"rendered":"Dr\u00fcckerlochteil R, randgeh\u00e4mmert"},"content":{"rendered":"<p>zu verwenden mit Dr\u00fcckerstiften 8 mm<\/p>\n","protected":false},"excerpt":{"rendered":"<p>zu verwenden mit Dr\u00fcckerstiften 8 mm<\/p>\n","protected":false},"featured_media":228027,"comment_status":"closed","ping_status":"closed","template":"","meta":{"_acf_changed":false,"_et_pb_use_builder":"","_et_pb_old_content":"","_et_gb_content_width":""},"product_brand":[],"product_cat":[1957,1731],"product_tag":[2003,2002,1980,216,2000,2001],"class_list":{"0":"post-229735","1":"product","2":"type-product","3":"status-publish","4":"has-post-thumbnail","6":"product_cat-mit-randhaemmerung","7":"product_cat-torbeschlaege","8":"product_tag-din-links","9":"product_tag-din-rechts","10":"product_tag-geschmiedet","11":"product_tag-schmiedeeisern","12":"product_tag-tuerdruecker","13":"product_tag-zimmertuer-beschlag","14":"pa_varianten-drueckerlochteil-r-zimmertuer-din-links-randgehaemmert","15":"pa_varianten-drueckerlochteil-r-zimmertuer-din-rechts-randgehaemmert","17":"first","18":"instock","19":"purchasable","20":"product-type-variable"},"acf":[],"_links":{"self":[{"href":"https:\/\/pollmann.de\/de_de\/wp-json\/wp\/v2\/product\/229735","targetHints":{"allow":["GET"]}}],"collection":[{"href":"https:\/\/pollmann.de\/de_de\/wp-json\/wp\/v2\/product"}],"about":[{"href":"https:\/\/pollmann.de\/de_de\/wp-json\/wp\/v2\/types\/product"}],"replies":[{"embeddable":true,"href":"https:\/\/pollmann.de\/de_de\/wp-json\/wp\/v2\/comments?post=229735"}],"wp:featuredmedia":[{"embeddable":true,"href":"https:\/\/pollmann.de\/de_de\/wp-json\/wp\/v2\/media\/228027"}],"wp:attachment":[{"href":"https:\/\/pollmann.de\/de_de\/wp-json\/wp\/v2\/media?parent=229735"}],"wp:term":[{"taxonomy":"product_brand","embeddable":true,"href":"https:\/\/pollmann.de\/de_de\/wp-json\/wp\/v2\/product_brand?post=229735"},{"taxonomy":"product_cat","embeddable":true,"href":"https:\/\/pollmann.de\/de_de\/wp-json\/wp\/v2\/product_cat?post=229735"},{"taxonomy":"product_tag","embeddable":true,"href":"https:\/\/pollmann.de\/de_de\/wp-json\/wp\/v2\/product_tag?post=229735"}],"curies":[{"name":"wp","href":"https:\/\/api.w.org\/{rel}","templated":true}]}}