{"id":229729,"date":"2022-03-10T14:36:23","date_gmt":"2022-03-10T13:36:23","guid":{"rendered":"https:\/\/pollmann.de\/produkt\/werfgehaenge-r-200-mm-randgehaemmert\/"},"modified":"2022-03-10T14:37:39","modified_gmt":"2022-03-10T13:37:39","slug":"werfgehaenge-r-200-mm-randgehaemmert","status":"publish","type":"product","link":"https:\/\/pollmann.de\/de_de\/produkt\/werfgehaenge-r-200-mm-randgehaemmert\/","title":{"rendered":"Werfgeh\u00e4nge R 200 mm, randgeh\u00e4mmert"},"content":{"rendered":"<p>mit Randh\u00e4mmerung und Zierspitze, mit vernietetem Stift \u00d8 6 mm<\/p>\n","protected":false},"excerpt":{"rendered":"<p>mit Randh\u00e4mmerung und Zierspitze, mit vernietetem Stift \u00d8 6 mm<\/p>\n","protected":false},"featured_media":228049,"comment_status":"closed","ping_status":"closed","template":"","meta":{"_acf_changed":false,"_et_pb_use_builder":"","_et_pb_old_content":"","_et_gb_content_width":""},"product_brand":[],"product_cat":[1957,1731],"product_tag":[466,463,97,465,467,464,123],"class_list":{"0":"post-229729","1":"product","2":"type-product","3":"status-publish","4":"has-post-thumbnail","6":"product_cat-mit-randhaemmerung","7":"product_cat-torbeschlaege","8":"product_tag-kistenband","9":"product_tag-kreuzgehaenge","10":"product_tag-pollmann","11":"product_tag-scharnier","12":"product_tag-tuerband","13":"product_tag-werfgehaenge","14":"product_tag-zierbeschlag","15":"pa_varianten-werfgehaenge-r-200-mm-randgehaemmert","16":"pa_varianten-werfgehaenge-r-300-mm-randgehaemmert","17":"pa_varianten-werfgehaenge-r-400-mm-randgehaemmert","19":"first","20":"instock","21":"purchasable","22":"product-type-variable"},"acf":[],"_links":{"self":[{"href":"https:\/\/pollmann.de\/de_de\/wp-json\/wp\/v2\/product\/229729","targetHints":{"allow":["GET"]}}],"collection":[{"href":"https:\/\/pollmann.de\/de_de\/wp-json\/wp\/v2\/product"}],"about":[{"href":"https:\/\/pollmann.de\/de_de\/wp-json\/wp\/v2\/types\/product"}],"replies":[{"embeddable":true,"href":"https:\/\/pollmann.de\/de_de\/wp-json\/wp\/v2\/comments?post=229729"}],"wp:featuredmedia":[{"embeddable":true,"href":"https:\/\/pollmann.de\/de_de\/wp-json\/wp\/v2\/media\/228049"}],"wp:attachment":[{"href":"https:\/\/pollmann.de\/de_de\/wp-json\/wp\/v2\/media?parent=229729"}],"wp:term":[{"taxonomy":"product_brand","embeddable":true,"href":"https:\/\/pollmann.de\/de_de\/wp-json\/wp\/v2\/product_brand?post=229729"},{"taxonomy":"product_cat","embeddable":true,"href":"https:\/\/pollmann.de\/de_de\/wp-json\/wp\/v2\/product_cat?post=229729"},{"taxonomy":"product_tag","embeddable":true,"href":"https:\/\/pollmann.de\/de_de\/wp-json\/wp\/v2\/product_tag?post=229729"}],"curies":[{"name":"wp","href":"https:\/\/api.w.org\/{rel}","templated":true}]}}