{"id":229726,"date":"2022-03-10T14:36:23","date_gmt":"2022-03-10T13:36:23","guid":{"rendered":"https:\/\/pollmann.de\/produkt\/berliner-anwurf-160-mm-hell-verzinkt\/"},"modified":"2022-03-10T14:36:33","modified_gmt":"2022-03-10T13:36:33","slug":"berliner-anwurf-160-mm-hell-verzinkt","status":"publish","type":"product","link":"https:\/\/pollmann.de\/de_de\/produkt\/berliner-anwurf-160-mm-hell-verzinkt\/","title":{"rendered":"Berliner Anwurf 160 mm, hell verzinkt"},"content":{"rendered":"<p>zusammen mit \u00d6se auf Platte als einfacher Verschluss von Stallt\u00fcren, Schuppent\u00fcren, Kleintiergehegen zu verwenden<\/p>\n","protected":false},"excerpt":{"rendered":"<p>zusammen mit \u00d6se auf Platte als einfacher Verschluss von Stallt\u00fcren, Schuppent\u00fcren, Kleintiergehegen zu verwenden<\/p>\n","protected":false},"featured_media":227661,"comment_status":"closed","ping_status":"closed","template":"","meta":{"_acf_changed":false,"_et_pb_use_builder":"","_et_pb_old_content":"","_et_gb_content_width":""},"product_brand":[],"product_cat":[1799,1731],"product_tag":[1801,1832,1833,1834,580,1836,1835],"class_list":{"0":"post-229726","1":"product","2":"type-product","3":"status-publish","4":"has-post-thumbnail","6":"product_cat-stalltuerbeschlaege","7":"product_cat-torbeschlaege","8":"product_tag-anwurf","9":"product_tag-anwuerfe","10":"product_tag-berliner-anwurf","11":"product_tag-berliner-anwuerfe","12":"product_tag-oese-auf-platte","13":"product_tag-plattenoese","14":"product_tag-tuerverschluss","15":"pa_varianten-berliner-anwurf-160-mm-hell-verzinkt","17":"first","18":"instock","19":"purchasable","20":"product-type-simple"},"acf":[],"_links":{"self":[{"href":"https:\/\/pollmann.de\/de_de\/wp-json\/wp\/v2\/product\/229726","targetHints":{"allow":["GET"]}}],"collection":[{"href":"https:\/\/pollmann.de\/de_de\/wp-json\/wp\/v2\/product"}],"about":[{"href":"https:\/\/pollmann.de\/de_de\/wp-json\/wp\/v2\/types\/product"}],"replies":[{"embeddable":true,"href":"https:\/\/pollmann.de\/de_de\/wp-json\/wp\/v2\/comments?post=229726"}],"wp:featuredmedia":[{"embeddable":true,"href":"https:\/\/pollmann.de\/de_de\/wp-json\/wp\/v2\/media\/227661"}],"wp:attachment":[{"href":"https:\/\/pollmann.de\/de_de\/wp-json\/wp\/v2\/media?parent=229726"}],"wp:term":[{"taxonomy":"product_brand","embeddable":true,"href":"https:\/\/pollmann.de\/de_de\/wp-json\/wp\/v2\/product_brand?post=229726"},{"taxonomy":"product_cat","embeddable":true,"href":"https:\/\/pollmann.de\/de_de\/wp-json\/wp\/v2\/product_cat?post=229726"},{"taxonomy":"product_tag","embeddable":true,"href":"https:\/\/pollmann.de\/de_de\/wp-json\/wp\/v2\/product_tag?post=229726"}],"curies":[{"name":"wp","href":"https:\/\/api.w.org\/{rel}","templated":true}]}}