{"id":229710,"date":"2022-03-10T14:36:23","date_gmt":"2022-03-10T13:36:23","guid":{"rendered":"https:\/\/pollmann.de\/produkt\/torband-zum-anschweissen-eisen-blank\/"},"modified":"2022-03-10T14:37:49","modified_gmt":"2022-03-10T13:37:49","slug":"torband-zum-anschweissen-eisen-blank","status":"publish","type":"product","link":"https:\/\/pollmann.de\/de_de\/produkt\/torband-zum-anschweissen-eisen-blank\/","title":{"rendered":"Torband zum Anschwei\u00dfen, eisen blank"},"content":{"rendered":"<p>zum Anschwei\u00dfen, Justierm\u00f6glichkeit ohne Aush\u00e4ngen des Tores,<br \/>\nbestehend aus:  1 Anschwei\u00dflasche Stahl roh, 2 Bolzenlaschen Stahl roh, 1 Augenschraube feuerverzinkt, 1 Bolzen aus Edelstahl, 1 Splint DIN 94 aus Edelstahl, 2 Muttern DIN 934  und 4 U-Scheiben DIN 125 verzinkt, verpackt im Poly-Beutel<\/p>\n","protected":false},"excerpt":{"rendered":"<p>zum Anschwei\u00dfen, Justierm\u00f6glichkeit ohne Aush\u00e4ngen des Tores,<br \/>\nbestehend aus:  1 Anschwei\u00dflasche Stahl roh, 2 Bolzenlaschen Stahl roh, 1 Augenschraube feuerverzinkt, 1 Bolzen aus Edelstahl, 1 Splint DIN 94 aus Edelstahl, 2 Muttern DIN 934  und 4 U-Scheiben DIN 125 verzinkt, verpackt im Poly-Beutel<\/p>\n","protected":false},"featured_media":227533,"comment_status":"closed","ping_status":"closed","template":"","meta":{"_acf_changed":false,"_et_pb_use_builder":"","_et_pb_old_content":"","_et_gb_content_width":""},"product_brand":[],"product_cat":[1916,1731],"product_tag":[1938,1933,1936,1937],"class_list":{"0":"post-229710","1":"product","2":"type-product","3":"status-publish","4":"has-post-thumbnail","6":"product_cat-metall-torbeschlaege","7":"product_cat-torbeschlaege","8":"product_tag-anschweissband","9":"product_tag-metalltorbeschlag","10":"product_tag-metalltorbeschlaege","11":"product_tag-torband-zum-anschweissen","12":"pa_varianten-torband-m12-x-120-mm-2-fach-verstellbar-eisen-blank","13":"pa_varianten-torband-m16-x-130-mm-2-fach-verstellbar-eisen-blank","14":"pa_varianten-torband-m20-x-150-mm-2-fach-verstellbar-eisen-blank","15":"pa_varianten-torband-m24-x-150-mm-2-fach-verstellbar-eisen-blank","17":"first","18":"instock","19":"purchasable","20":"product-type-variable"},"acf":[],"_links":{"self":[{"href":"https:\/\/pollmann.de\/de_de\/wp-json\/wp\/v2\/product\/229710","targetHints":{"allow":["GET"]}}],"collection":[{"href":"https:\/\/pollmann.de\/de_de\/wp-json\/wp\/v2\/product"}],"about":[{"href":"https:\/\/pollmann.de\/de_de\/wp-json\/wp\/v2\/types\/product"}],"replies":[{"embeddable":true,"href":"https:\/\/pollmann.de\/de_de\/wp-json\/wp\/v2\/comments?post=229710"}],"wp:featuredmedia":[{"embeddable":true,"href":"https:\/\/pollmann.de\/de_de\/wp-json\/wp\/v2\/media\/227533"}],"wp:attachment":[{"href":"https:\/\/pollmann.de\/de_de\/wp-json\/wp\/v2\/media?parent=229710"}],"wp:term":[{"taxonomy":"product_brand","embeddable":true,"href":"https:\/\/pollmann.de\/de_de\/wp-json\/wp\/v2\/product_brand?post=229710"},{"taxonomy":"product_cat","embeddable":true,"href":"https:\/\/pollmann.de\/de_de\/wp-json\/wp\/v2\/product_cat?post=229710"},{"taxonomy":"product_tag","embeddable":true,"href":"https:\/\/pollmann.de\/de_de\/wp-json\/wp\/v2\/product_tag?post=229710"}],"curies":[{"name":"wp","href":"https:\/\/api.w.org\/{rel}","templated":true}]}}