{"id":229576,"date":"2022-03-10T14:24:46","date_gmt":"2022-03-10T13:24:46","guid":{"rendered":"https:\/\/pollmann.de\/produkt\/einschlagbodenhuelse-rund\/"},"modified":"2022-03-10T14:25:16","modified_gmt":"2022-03-10T13:25:16","slug":"einschlagbodenhuelse-rund","status":"publish","type":"product","link":"https:\/\/pollmann.de\/de_de\/produkt\/einschlagbodenhuelse-rund\/","title":{"rendered":"Einschlagbodenh\u00fclse, rund"},"content":{"rendered":"<p>zur Fixierung von Rundh\u00f6lzern, H\u00fclse 150 mm, feuerverzinkt<\/p>\n","protected":false},"excerpt":{"rendered":"<p>zur Fixierung von Rundh\u00f6lzern, H\u00fclse 150 mm, feuerverzinkt<\/p>\n","protected":false},"featured_media":228259,"comment_status":"closed","ping_status":"closed","template":"","meta":{"_acf_changed":false,"_et_pb_use_builder":"","_et_pb_old_content":"","_et_gb_content_width":""},"product_brand":[],"product_cat":[2721,1076],"product_tag":[215,1168,1150,1169],"class_list":{"0":"post-229576","1":"product","2":"type-product","3":"status-publish","4":"has-post-thumbnail","6":"product_cat-bodenhuelsen","7":"product_cat-pfostentraeger","8":"product_tag-befestigung","9":"product_tag-bodenhuelse","10":"product_tag-einschlagbodenhuelse","11":"product_tag-rundholz","12":"pa_varianten-einschlagbodenhuelse-rund-100-mm","13":"pa_varianten-einschlagbodenhuelse-rund-80-mm","15":"first","16":"instock","17":"purchasable","18":"product-type-variable"},"acf":[],"_links":{"self":[{"href":"https:\/\/pollmann.de\/de_de\/wp-json\/wp\/v2\/product\/229576","targetHints":{"allow":["GET"]}}],"collection":[{"href":"https:\/\/pollmann.de\/de_de\/wp-json\/wp\/v2\/product"}],"about":[{"href":"https:\/\/pollmann.de\/de_de\/wp-json\/wp\/v2\/types\/product"}],"replies":[{"embeddable":true,"href":"https:\/\/pollmann.de\/de_de\/wp-json\/wp\/v2\/comments?post=229576"}],"wp:featuredmedia":[{"embeddable":true,"href":"https:\/\/pollmann.de\/de_de\/wp-json\/wp\/v2\/media\/228259"}],"wp:attachment":[{"href":"https:\/\/pollmann.de\/de_de\/wp-json\/wp\/v2\/media?parent=229576"}],"wp:term":[{"taxonomy":"product_brand","embeddable":true,"href":"https:\/\/pollmann.de\/de_de\/wp-json\/wp\/v2\/product_brand?post=229576"},{"taxonomy":"product_cat","embeddable":true,"href":"https:\/\/pollmann.de\/de_de\/wp-json\/wp\/v2\/product_cat?post=229576"},{"taxonomy":"product_tag","embeddable":true,"href":"https:\/\/pollmann.de\/de_de\/wp-json\/wp\/v2\/product_tag?post=229576"}],"curies":[{"name":"wp","href":"https:\/\/api.w.org\/{rel}","templated":true}]}}