{"id":229567,"date":"2022-03-10T14:24:46","date_gmt":"2022-03-10T13:24:46","guid":{"rendered":"https:\/\/pollmann.de\/produkt\/pfostentraeger-hoehenverstellbar-zum-aufduebeln\/"},"modified":"2022-03-10T14:24:50","modified_gmt":"2022-03-10T13:24:50","slug":"pfostentraeger-hoehenverstellbar-zum-aufduebeln","status":"publish","type":"product","link":"https:\/\/pollmann.de\/de_de\/produkt\/pfostentraeger-hoehenverstellbar-zum-aufduebeln\/","title":{"rendered":"Pfostentr\u00e4ger h\u00f6henverstellbar zum Aufd\u00fcbeln"},"content":{"rendered":"<p>Grundplatte 80 x 125 x 5 mm, Seitenlasche 140 x 90 mm aus Material 60 x 3 mm, feuerverzinkt<\/p>\n","protected":false},"excerpt":{"rendered":"<p>Grundplatte 80 x 125 x 5 mm, Seitenlasche 140 x 90 mm aus Material 60 x 3 mm, feuerverzinkt<\/p>\n","protected":false},"featured_media":228218,"comment_status":"closed","ping_status":"closed","template":"","meta":{"_acf_changed":false,"_et_pb_use_builder":"","_et_pb_old_content":"","_et_gb_content_width":""},"product_brand":[],"product_cat":[1076,1077],"product_tag":[1083,1078,97,1080],"class_list":{"0":"post-229567","1":"product","2":"type-product","3":"status-publish","4":"has-post-thumbnail","6":"product_cat-pfostentraeger","7":"product_cat-zum-aufduebeln","8":"product_tag-hoehenverstellbar","9":"product_tag-pfostentraeger","10":"product_tag-pollmann","11":"product_tag-stuetzenfuss","12":"pa_varianten-pfostentraeger-hoehenverstellbar-zum-aufduebeln","14":"first","15":"instock","16":"purchasable","17":"product-type-simple"},"acf":[],"_links":{"self":[{"href":"https:\/\/pollmann.de\/de_de\/wp-json\/wp\/v2\/product\/229567","targetHints":{"allow":["GET"]}}],"collection":[{"href":"https:\/\/pollmann.de\/de_de\/wp-json\/wp\/v2\/product"}],"about":[{"href":"https:\/\/pollmann.de\/de_de\/wp-json\/wp\/v2\/types\/product"}],"replies":[{"embeddable":true,"href":"https:\/\/pollmann.de\/de_de\/wp-json\/wp\/v2\/comments?post=229567"}],"wp:featuredmedia":[{"embeddable":true,"href":"https:\/\/pollmann.de\/de_de\/wp-json\/wp\/v2\/media\/228218"}],"wp:attachment":[{"href":"https:\/\/pollmann.de\/de_de\/wp-json\/wp\/v2\/media?parent=229567"}],"wp:term":[{"taxonomy":"product_brand","embeddable":true,"href":"https:\/\/pollmann.de\/de_de\/wp-json\/wp\/v2\/product_brand?post=229567"},{"taxonomy":"product_cat","embeddable":true,"href":"https:\/\/pollmann.de\/de_de\/wp-json\/wp\/v2\/product_cat?post=229567"},{"taxonomy":"product_tag","embeddable":true,"href":"https:\/\/pollmann.de\/de_de\/wp-json\/wp\/v2\/product_tag?post=229567"}],"curies":[{"name":"wp","href":"https:\/\/api.w.org\/{rel}","templated":true}]}}