{"id":229563,"date":"2022-03-10T14:24:46","date_gmt":"2022-03-10T13:24:46","guid":{"rendered":"https:\/\/pollmann.de\/produkt\/pfostentraeger-mit-schwert-zum-einbetonieren-2\/"},"modified":"2022-03-10T14:25:15","modified_gmt":"2022-03-10T13:25:15","slug":"pfostentraeger-mit-schwert-zum-einbetonieren-2","status":"publish","type":"product","link":"https:\/\/pollmann.de\/de_de\/produkt\/pfostentraeger-mit-schwert-zum-einbetonieren-2\/","title":{"rendered":"Pfostentr\u00e4ger mit Schwert zum Einbetonieren"},"content":{"rendered":"<p>Rohr 48,3 \u00d8 mm, Schwert 140 x 80 x 8 mm, Tr\u00e4gerplatte 80 x 90 x 8 mm, feuerverzinkt<\/p>\n","protected":false},"excerpt":{"rendered":"<p>Rohr 48,3 \u00d8 mm, Schwert 140 x 80 x 8 mm, Tr\u00e4gerplatte 80 x 90 x 8 mm, feuerverzinkt<\/p>\n","protected":false},"featured_media":228240,"comment_status":"closed","ping_status":"closed","template":"","meta":{"_acf_changed":false,"_et_pb_use_builder":"","_et_pb_old_content":"","_et_gb_content_width":""},"product_brand":[],"product_cat":[1076,1118],"product_tag":[1120,1078,97,1080,1079],"class_list":{"0":"post-229563","1":"product","2":"type-product","3":"status-publish","4":"has-post-thumbnail","6":"product_cat-pfostentraeger","7":"product_cat-zum-einbetonieren","8":"product_tag-betonanker","9":"product_tag-pfostentraeger","10":"product_tag-pollmann","11":"product_tag-stuetzenfuss","12":"product_tag-stuetzenschuh","13":"pa_varianten-pfostentraeger-mit-schwert-zum-einbetonieren-hoehe-300-mm","14":"pa_varianten-pfostentraeger-mit-schwert-zum-einbetonieren-hoehe-500-mm","16":"first","17":"instock","18":"purchasable","19":"product-type-variable"},"acf":[],"_links":{"self":[{"href":"https:\/\/pollmann.de\/de_de\/wp-json\/wp\/v2\/product\/229563","targetHints":{"allow":["GET"]}}],"collection":[{"href":"https:\/\/pollmann.de\/de_de\/wp-json\/wp\/v2\/product"}],"about":[{"href":"https:\/\/pollmann.de\/de_de\/wp-json\/wp\/v2\/types\/product"}],"replies":[{"embeddable":true,"href":"https:\/\/pollmann.de\/de_de\/wp-json\/wp\/v2\/comments?post=229563"}],"wp:featuredmedia":[{"embeddable":true,"href":"https:\/\/pollmann.de\/de_de\/wp-json\/wp\/v2\/media\/228240"}],"wp:attachment":[{"href":"https:\/\/pollmann.de\/de_de\/wp-json\/wp\/v2\/media?parent=229563"}],"wp:term":[{"taxonomy":"product_brand","embeddable":true,"href":"https:\/\/pollmann.de\/de_de\/wp-json\/wp\/v2\/product_brand?post=229563"},{"taxonomy":"product_cat","embeddable":true,"href":"https:\/\/pollmann.de\/de_de\/wp-json\/wp\/v2\/product_cat?post=229563"},{"taxonomy":"product_tag","embeddable":true,"href":"https:\/\/pollmann.de\/de_de\/wp-json\/wp\/v2\/product_tag?post=229563"}],"curies":[{"name":"wp","href":"https:\/\/api.w.org\/{rel}","templated":true}]}}