{"id":229558,"date":"2022-03-10T14:24:46","date_gmt":"2022-03-10T13:24:46","guid":{"rendered":"https:\/\/pollmann.de\/produkt\/pfostentraeger-atlas-zum-aufduebeln-zweiteilig\/"},"modified":"2022-03-10T14:24:49","modified_gmt":"2022-03-10T13:24:49","slug":"pfostentraeger-atlas-zum-aufduebeln-zweiteilig","status":"publish","type":"product","link":"https:\/\/pollmann.de\/de_de\/produkt\/pfostentraeger-atlas-zum-aufduebeln-zweiteilig\/","title":{"rendered":"Pfostentr\u00e4ger ATLAS zum Aufd\u00fcbeln, zweiteilig"},"content":{"rendered":"<p>universeller Pfostentr\u00e4ger, passend f\u00fcr jede Pfostenst\u00e4rke, mit versetzten Lochungen, feuerverzinkt<\/p>\n","protected":false},"excerpt":{"rendered":"<p>universeller Pfostentr\u00e4ger, passend f\u00fcr jede Pfostenst\u00e4rke, mit versetzten Lochungen, feuerverzinkt<\/p>\n","protected":false},"featured_media":228244,"comment_status":"closed","ping_status":"closed","template":"","meta":{"_acf_changed":false,"_et_pb_use_builder":"","_et_pb_old_content":"","_et_gb_content_width":""},"product_brand":[],"product_cat":[1076,1077],"product_tag":[1105,1078,97,1079,1101],"class_list":{"0":"post-229558","1":"product","2":"type-product","3":"status-publish","4":"has-post-thumbnail","6":"product_cat-pfostentraeger","7":"product_cat-zum-aufduebeln","8":"product_tag-pfostenanker","9":"product_tag-pfostentraeger","10":"product_tag-pollmann","11":"product_tag-stuetzenschuh","12":"product_tag-verstellbar","13":"pa_varianten-pfostentraeger-atlas-zum-aufduebeln-zweiteilig","15":"first","16":"instock","17":"purchasable","18":"product-type-simple"},"acf":[],"_links":{"self":[{"href":"https:\/\/pollmann.de\/de_de\/wp-json\/wp\/v2\/product\/229558","targetHints":{"allow":["GET"]}}],"collection":[{"href":"https:\/\/pollmann.de\/de_de\/wp-json\/wp\/v2\/product"}],"about":[{"href":"https:\/\/pollmann.de\/de_de\/wp-json\/wp\/v2\/types\/product"}],"replies":[{"embeddable":true,"href":"https:\/\/pollmann.de\/de_de\/wp-json\/wp\/v2\/comments?post=229558"}],"wp:featuredmedia":[{"embeddable":true,"href":"https:\/\/pollmann.de\/de_de\/wp-json\/wp\/v2\/media\/228244"}],"wp:attachment":[{"href":"https:\/\/pollmann.de\/de_de\/wp-json\/wp\/v2\/media?parent=229558"}],"wp:term":[{"taxonomy":"product_brand","embeddable":true,"href":"https:\/\/pollmann.de\/de_de\/wp-json\/wp\/v2\/product_brand?post=229558"},{"taxonomy":"product_cat","embeddable":true,"href":"https:\/\/pollmann.de\/de_de\/wp-json\/wp\/v2\/product_cat?post=229558"},{"taxonomy":"product_tag","embeddable":true,"href":"https:\/\/pollmann.de\/de_de\/wp-json\/wp\/v2\/product_tag?post=229558"}],"curies":[{"name":"wp","href":"https:\/\/api.w.org\/{rel}","templated":true}]}}