{"id":229556,"date":"2022-03-10T14:24:46","date_gmt":"2022-03-10T13:24:46","guid":{"rendered":"https:\/\/pollmann.de\/produkt\/einschlagbodenhuelse\/"},"modified":"2022-03-10T14:25:03","modified_gmt":"2022-03-10T13:25:03","slug":"einschlagbodenhuelse","status":"publish","type":"product","link":"https:\/\/pollmann.de\/de_de\/produkt\/einschlagbodenhuelse\/","title":{"rendered":"Einschlagbodenh\u00fclse"},"content":{"rendered":"<p>zum Einschlagen f\u00fcr Vierkantpfosten, mit fester H\u00fclse 150 mm, feuerverzinkt<\/p>\n","protected":false},"excerpt":{"rendered":"<p>zum Einschlagen f\u00fcr Vierkantpfosten, mit fester H\u00fclse 150 mm, feuerverzinkt<\/p>\n","protected":false},"featured_media":228254,"comment_status":"closed","ping_status":"closed","template":"","meta":{"_acf_changed":false,"_et_pb_use_builder":"","_et_pb_old_content":"","_et_gb_content_width":""},"product_brand":[],"product_cat":[2721,1076],"product_tag":[1153,1151,1150,1152,1105],"class_list":{"0":"post-229556","1":"product","2":"type-product","3":"status-publish","4":"has-post-thumbnail","6":"product_cat-bodenhuelsen","7":"product_cat-pfostentraeger","8":"product_tag-750-mm","9":"product_tag-bodenhuelse-zum-einschlagen","10":"product_tag-einschlagbodenhuelse","11":"product_tag-feuerverzinkt","12":"product_tag-pfostenanker","13":"pa_varianten-einschlag-bodenhuelse-101-x-900-mm","14":"pa_varianten-einschlag-bodenhuelse-71-900-mm","15":"pa_varianten-einschlag-bodenhuelse-71-x-750-mm","16":"pa_varianten-einschlag-bodenhuelse-91-x-750-mm","17":"pa_varianten-einschlag-bodenhuelse-91-x-900-mm","19":"first","20":"instock","21":"purchasable","22":"product-type-variable"},"acf":[],"_links":{"self":[{"href":"https:\/\/pollmann.de\/de_de\/wp-json\/wp\/v2\/product\/229556","targetHints":{"allow":["GET"]}}],"collection":[{"href":"https:\/\/pollmann.de\/de_de\/wp-json\/wp\/v2\/product"}],"about":[{"href":"https:\/\/pollmann.de\/de_de\/wp-json\/wp\/v2\/types\/product"}],"replies":[{"embeddable":true,"href":"https:\/\/pollmann.de\/de_de\/wp-json\/wp\/v2\/comments?post=229556"}],"wp:featuredmedia":[{"embeddable":true,"href":"https:\/\/pollmann.de\/de_de\/wp-json\/wp\/v2\/media\/228254"}],"wp:attachment":[{"href":"https:\/\/pollmann.de\/de_de\/wp-json\/wp\/v2\/media?parent=229556"}],"wp:term":[{"taxonomy":"product_brand","embeddable":true,"href":"https:\/\/pollmann.de\/de_de\/wp-json\/wp\/v2\/product_brand?post=229556"},{"taxonomy":"product_cat","embeddable":true,"href":"https:\/\/pollmann.de\/de_de\/wp-json\/wp\/v2\/product_cat?post=229556"},{"taxonomy":"product_tag","embeddable":true,"href":"https:\/\/pollmann.de\/de_de\/wp-json\/wp\/v2\/product_tag?post=229556"}],"curies":[{"name":"wp","href":"https:\/\/api.w.org\/{rel}","templated":true}]}}