{"id":229553,"date":"2022-03-10T14:24:46","date_gmt":"2022-03-10T13:24:46","guid":{"rendered":"https:\/\/pollmann.de\/produkt\/pfostentraeger-carlos-mit-auflageplatte\/"},"modified":"2022-03-10T14:25:20","modified_gmt":"2022-03-10T13:25:20","slug":"pfostentraeger-carlos-mit-auflageplatte","status":"publish","type":"product","link":"https:\/\/pollmann.de\/de_de\/produkt\/pfostentraeger-carlos-mit-auflageplatte\/","title":{"rendered":"Pfostentr\u00e4ger CARLOS mit Auflageplatte"},"content":{"rendered":"<p>zum Aufd\u00fcbeln, h\u00f6henverstellbar, durch rechts \/ links Gewinde auch in montiertem Zustand<\/p>\n","protected":false},"excerpt":{"rendered":"<p>zum Aufd\u00fcbeln, h\u00f6henverstellbar, durch rechts \/ links Gewinde auch in montiertem Zustand<\/p>\n","protected":false},"featured_media":228212,"comment_status":"closed","ping_status":"closed","template":"","meta":{"_acf_changed":false,"_et_pb_use_builder":"","_et_pb_old_content":"","_et_gb_content_width":""},"product_brand":[],"product_cat":[1076,1077],"product_tag":[1084,1083,1111,1078,97,1080,1110],"class_list":{"0":"post-229553","1":"product","2":"type-product","3":"status-publish","4":"has-post-thumbnail","6":"product_cat-pfostentraeger","7":"product_cat-zum-aufduebeln","8":"product_tag-carlos","9":"product_tag-hoehenverstellbar","10":"product_tag-mit-auflageplatte","11":"product_tag-pfostentraeger","12":"product_tag-pollmann","13":"product_tag-stuetzenfuss","14":"product_tag-zum-aufduebeln","15":"pa_varianten-pfostentraeger-carlos-m20-mit-auflageplatte","16":"pa_varianten-pfostentraeger-carlos-m24-mit-auflageplatte","18":"first","19":"instock","20":"purchasable","21":"product-type-variable"},"acf":[],"_links":{"self":[{"href":"https:\/\/pollmann.de\/de_de\/wp-json\/wp\/v2\/product\/229553","targetHints":{"allow":["GET"]}}],"collection":[{"href":"https:\/\/pollmann.de\/de_de\/wp-json\/wp\/v2\/product"}],"about":[{"href":"https:\/\/pollmann.de\/de_de\/wp-json\/wp\/v2\/types\/product"}],"replies":[{"embeddable":true,"href":"https:\/\/pollmann.de\/de_de\/wp-json\/wp\/v2\/comments?post=229553"}],"wp:featuredmedia":[{"embeddable":true,"href":"https:\/\/pollmann.de\/de_de\/wp-json\/wp\/v2\/media\/228212"}],"wp:attachment":[{"href":"https:\/\/pollmann.de\/de_de\/wp-json\/wp\/v2\/media?parent=229553"}],"wp:term":[{"taxonomy":"product_brand","embeddable":true,"href":"https:\/\/pollmann.de\/de_de\/wp-json\/wp\/v2\/product_brand?post=229553"},{"taxonomy":"product_cat","embeddable":true,"href":"https:\/\/pollmann.de\/de_de\/wp-json\/wp\/v2\/product_cat?post=229553"},{"taxonomy":"product_tag","embeddable":true,"href":"https:\/\/pollmann.de\/de_de\/wp-json\/wp\/v2\/product_tag?post=229553"}],"curies":[{"name":"wp","href":"https:\/\/api.w.org\/{rel}","templated":true}]}}