{"id":229261,"date":"2022-03-10T14:16:37","date_gmt":"2022-03-10T13:16:37","guid":{"rendered":"https:\/\/pollmann.de\/produkt\/klappladen-scharnier-verstellbar-gekroepft-hell-verzinkt\/"},"modified":"2022-03-10T14:16:59","modified_gmt":"2022-03-10T13:16:59","slug":"klappladen-scharnier-verstellbar-gekroepft-hell-verzinkt","status":"publish","type":"product","link":"https:\/\/pollmann.de\/de_de\/produkt\/klappladen-scharnier-verstellbar-gekroepft-hell-verzinkt\/","title":{"rendered":"Klappladen-Scharnier verstellbar, gekr\u00f6pft, hell verzinkt"},"content":{"rendered":"<p>f\u00fcr Faltl\u00e4den, mit 11 mm Kr\u00f6pfung, Verstellbereich 60-120 mm<\/p>\n","protected":false},"excerpt":{"rendered":"<p>f\u00fcr Faltl\u00e4den, mit 11 mm Kr\u00f6pfung, Verstellbereich 60-120 mm<\/p>\n","protected":false},"featured_media":227795,"comment_status":"closed","ping_status":"closed","template":"","meta":{"_acf_changed":false,"_et_pb_use_builder":"","_et_pb_old_content":"","_et_gb_content_width":""},"product_brand":[],"product_cat":[820,741],"product_tag":[822,133,835,97,465,834],"class_list":{"0":"post-229261","1":"product","2":"type-product","3":"status-publish","4":"has-post-thumbnail","6":"product_cat-beschlaege-fuer-faltlaeden","7":"product_cat-klappladenbeschlaege","8":"product_tag-faltladen","9":"product_tag-klappladen","10":"product_tag-montage","11":"product_tag-pollmann","12":"product_tag-scharnier","13":"product_tag-scharnier-gekroepft","14":"pa_varianten-klappladen-scharnier-verstellbar-gekroepft-hell-verzinkt","16":"first","17":"instock","18":"purchasable","19":"product-type-simple"},"acf":[],"_links":{"self":[{"href":"https:\/\/pollmann.de\/de_de\/wp-json\/wp\/v2\/product\/229261","targetHints":{"allow":["GET"]}}],"collection":[{"href":"https:\/\/pollmann.de\/de_de\/wp-json\/wp\/v2\/product"}],"about":[{"href":"https:\/\/pollmann.de\/de_de\/wp-json\/wp\/v2\/types\/product"}],"replies":[{"embeddable":true,"href":"https:\/\/pollmann.de\/de_de\/wp-json\/wp\/v2\/comments?post=229261"}],"wp:featuredmedia":[{"embeddable":true,"href":"https:\/\/pollmann.de\/de_de\/wp-json\/wp\/v2\/media\/227795"}],"wp:attachment":[{"href":"https:\/\/pollmann.de\/de_de\/wp-json\/wp\/v2\/media?parent=229261"}],"wp:term":[{"taxonomy":"product_brand","embeddable":true,"href":"https:\/\/pollmann.de\/de_de\/wp-json\/wp\/v2\/product_brand?post=229261"},{"taxonomy":"product_cat","embeddable":true,"href":"https:\/\/pollmann.de\/de_de\/wp-json\/wp\/v2\/product_cat?post=229261"},{"taxonomy":"product_tag","embeddable":true,"href":"https:\/\/pollmann.de\/de_de\/wp-json\/wp\/v2\/product_tag?post=229261"}],"curies":[{"name":"wp","href":"https:\/\/api.w.org\/{rel}","templated":true}]}}