{"id":229245,"date":"2022-03-10T14:16:37","date_gmt":"2022-03-10T13:16:37","guid":{"rendered":"https:\/\/pollmann.de\/produkt\/ueberwurf-fuer-klapplaeden-v2a\/"},"modified":"2022-03-10T14:16:56","modified_gmt":"2022-03-10T13:16:56","slug":"ueberwurf-fuer-klapplaeden-v2a","status":"publish","type":"product","link":"https:\/\/pollmann.de\/de_de\/produkt\/ueberwurf-fuer-klapplaeden-v2a\/","title":{"rendered":"\u00dcberwurf f\u00fcr Klappl\u00e4den, V2A"},"content":{"rendered":"<p>Verschluss mit einbruchhemmender Feststellvorrichtung und L\u00fcftungsstellung Hebel 120 x 20 mm, Platten 27 x 60 mm, Einbauh\u00f6he 23 mm, das Ma\u00df A ist das maximale Ma\u00df.<\/p>\n","protected":false},"excerpt":{"rendered":"<p>Verschluss mit einbruchhemmender Feststellvorrichtung und L\u00fcftungsstellung Hebel 120 x 20 mm, Platten 27 x 60 mm, Einbauh\u00f6he 23 mm, das Ma\u00df A ist das maximale Ma\u00df.<\/p>\n","protected":false},"featured_media":227874,"comment_status":"closed","ping_status":"closed","template":"","meta":{"_acf_changed":false,"_et_pb_use_builder":"","_et_pb_old_content":"","_et_gb_content_width":""},"product_brand":[],"product_cat":[873,741],"product_tag":[134,133,882,131],"class_list":{"0":"post-229245","1":"product","2":"type-product","3":"status-publish","4":"has-post-thumbnail","6":"product_cat-edelstahlbeschlaege","7":"product_cat-klappladenbeschlaege","8":"product_tag-fensterladen","9":"product_tag-klappladen","10":"product_tag-ueberwurf","11":"product_tag-verschluss","12":"pa_varianten-ueberwurf-fuer-klapplaeden-v2a","14":"first","15":"instock","16":"purchasable","17":"product-type-simple"},"acf":[],"_links":{"self":[{"href":"https:\/\/pollmann.de\/de_de\/wp-json\/wp\/v2\/product\/229245","targetHints":{"allow":["GET"]}}],"collection":[{"href":"https:\/\/pollmann.de\/de_de\/wp-json\/wp\/v2\/product"}],"about":[{"href":"https:\/\/pollmann.de\/de_de\/wp-json\/wp\/v2\/types\/product"}],"replies":[{"embeddable":true,"href":"https:\/\/pollmann.de\/de_de\/wp-json\/wp\/v2\/comments?post=229245"}],"wp:featuredmedia":[{"embeddable":true,"href":"https:\/\/pollmann.de\/de_de\/wp-json\/wp\/v2\/media\/227874"}],"wp:attachment":[{"href":"https:\/\/pollmann.de\/de_de\/wp-json\/wp\/v2\/media?parent=229245"}],"wp:term":[{"taxonomy":"product_brand","embeddable":true,"href":"https:\/\/pollmann.de\/de_de\/wp-json\/wp\/v2\/product_brand?post=229245"},{"taxonomy":"product_cat","embeddable":true,"href":"https:\/\/pollmann.de\/de_de\/wp-json\/wp\/v2\/product_cat?post=229245"},{"taxonomy":"product_tag","embeddable":true,"href":"https:\/\/pollmann.de\/de_de\/wp-json\/wp\/v2\/product_tag?post=229245"}],"curies":[{"name":"wp","href":"https:\/\/api.w.org\/{rel}","templated":true}]}}