{"id":229223,"date":"2022-03-10T14:16:37","date_gmt":"2022-03-10T13:16:37","guid":{"rendered":"https:\/\/pollmann.de\/produkt\/rolle-o-10-mm-gekroepft-2-fach-verstellbar\/"},"modified":"2022-03-10T14:17:08","modified_gmt":"2022-03-10T13:17:08","slug":"rolle-o-10-mm-gekroepft-2-fach-verstellbar","status":"publish","type":"product","link":"https:\/\/pollmann.de\/de_de\/produkt\/rolle-o-10-mm-gekroepft-2-fach-verstellbar\/","title":{"rendered":"Rolle \u00d8 10 mm gekr\u00f6pft, 2-fach verstellbar"},"content":{"rendered":"<p>f\u00fcr Dorn \u00d8 10 mm, f\u00fcr 80 &#8211; 160 mm Laibungstiefe bei einer Ladenst\u00e4rke von 35 mm<\/p>\n","protected":false},"excerpt":{"rendered":"<p>f\u00fcr Dorn \u00d8 10 mm, f\u00fcr 80 &#8211; 160 mm Laibungstiefe bei einer Ladenst\u00e4rke von 35 mm<\/p>\n","protected":false},"featured_media":227734,"comment_status":"closed","ping_status":"closed","template":"","meta":{"_acf_changed":false,"_et_pb_use_builder":"","_et_pb_old_content":"","_et_gb_content_width":""},"product_brand":[],"product_cat":[2644,741],"product_tag":[133,472,97,789,92],"class_list":{"0":"post-229223","1":"product","2":"type-product","3":"status-publish","4":"has-post-thumbnail","6":"product_cat-flex-system-i-seitlich-verstellbar","7":"product_cat-klappladenbeschlaege","8":"product_tag-klappladen","9":"product_tag-kreuzband","10":"product_tag-pollmann","11":"product_tag-rolle-verstellbar","12":"product_tag-winkelband","13":"pa_varianten-rolle-o-10-mm-gekroepft-2-fach-verstellbar-hell-verzinkt","14":"pa_varianten-rolle-o-10-mm-gekroepft-2-fach-verstellbar-schwarz","16":"first","17":"instock","18":"purchasable","19":"product-type-variable"},"acf":[],"_links":{"self":[{"href":"https:\/\/pollmann.de\/de_de\/wp-json\/wp\/v2\/product\/229223","targetHints":{"allow":["GET"]}}],"collection":[{"href":"https:\/\/pollmann.de\/de_de\/wp-json\/wp\/v2\/product"}],"about":[{"href":"https:\/\/pollmann.de\/de_de\/wp-json\/wp\/v2\/types\/product"}],"replies":[{"embeddable":true,"href":"https:\/\/pollmann.de\/de_de\/wp-json\/wp\/v2\/comments?post=229223"}],"wp:featuredmedia":[{"embeddable":true,"href":"https:\/\/pollmann.de\/de_de\/wp-json\/wp\/v2\/media\/227734"}],"wp:attachment":[{"href":"https:\/\/pollmann.de\/de_de\/wp-json\/wp\/v2\/media?parent=229223"}],"wp:term":[{"taxonomy":"product_brand","embeddable":true,"href":"https:\/\/pollmann.de\/de_de\/wp-json\/wp\/v2\/product_brand?post=229223"},{"taxonomy":"product_cat","embeddable":true,"href":"https:\/\/pollmann.de\/de_de\/wp-json\/wp\/v2\/product_cat?post=229223"},{"taxonomy":"product_tag","embeddable":true,"href":"https:\/\/pollmann.de\/de_de\/wp-json\/wp\/v2\/product_tag?post=229223"}],"curies":[{"name":"wp","href":"https:\/\/api.w.org\/{rel}","templated":true}]}}