{"id":229217,"date":"2022-03-10T14:16:37","date_gmt":"2022-03-10T13:16:37","guid":{"rendered":"https:\/\/pollmann.de\/produkt\/klappladen-ueberwurf\/"},"modified":"2022-03-10T14:17:19","modified_gmt":"2022-03-10T13:17:19","slug":"klappladen-ueberwurf","status":"publish","type":"product","link":"https:\/\/pollmann.de\/de_de\/produkt\/klappladen-ueberwurf\/","title":{"rendered":"Klappladen \u00dcberwurf"},"content":{"rendered":"<p>Hebel 120 x 20 mm, Platten 27 x 60 mm, Einbauh\u00f6he 23 mm, das Ma\u00df A ist das maximale Ma\u00df<\/p>\n","protected":false},"excerpt":{"rendered":"<p>Hebel 120 x 20 mm, Platten 27 x 60 mm, Einbauh\u00f6he 23 mm, das Ma\u00df A ist das maximale Ma\u00df<\/p>\n","protected":false},"featured_media":227797,"comment_status":"closed","ping_status":"closed","template":"","meta":{"_acf_changed":false,"_et_pb_use_builder":"","_et_pb_old_content":"","_et_gb_content_width":""},"product_brand":[],"product_cat":[741,889],"product_tag":[134,133,882,131],"class_list":{"0":"post-229217","1":"product","2":"type-product","3":"status-publish","4":"has-post-thumbnail","6":"product_cat-klappladenbeschlaege","7":"product_cat-verschluesse","8":"product_tag-fensterladen","9":"product_tag-klappladen","10":"product_tag-ueberwurf","11":"product_tag-verschluss","12":"pa_varianten-klappladen-ueberwurf-m-zuziehring-hell-verzinkt","13":"pa_varianten-klappladen-ueberwurf-m-zuziehring-schwarz","14":"pa_varianten-klappladen-ueberwurf-hell-verzinkt","15":"pa_varianten-klappladen-ueberwurf-schwarz","17":"first","18":"instock","19":"purchasable","20":"product-type-variable"},"acf":[],"_links":{"self":[{"href":"https:\/\/pollmann.de\/de_de\/wp-json\/wp\/v2\/product\/229217","targetHints":{"allow":["GET"]}}],"collection":[{"href":"https:\/\/pollmann.de\/de_de\/wp-json\/wp\/v2\/product"}],"about":[{"href":"https:\/\/pollmann.de\/de_de\/wp-json\/wp\/v2\/types\/product"}],"replies":[{"embeddable":true,"href":"https:\/\/pollmann.de\/de_de\/wp-json\/wp\/v2\/comments?post=229217"}],"wp:featuredmedia":[{"embeddable":true,"href":"https:\/\/pollmann.de\/de_de\/wp-json\/wp\/v2\/media\/227797"}],"wp:attachment":[{"href":"https:\/\/pollmann.de\/de_de\/wp-json\/wp\/v2\/media?parent=229217"}],"wp:term":[{"taxonomy":"product_brand","embeddable":true,"href":"https:\/\/pollmann.de\/de_de\/wp-json\/wp\/v2\/product_brand?post=229217"},{"taxonomy":"product_cat","embeddable":true,"href":"https:\/\/pollmann.de\/de_de\/wp-json\/wp\/v2\/product_cat?post=229217"},{"taxonomy":"product_tag","embeddable":true,"href":"https:\/\/pollmann.de\/de_de\/wp-json\/wp\/v2\/product_tag?post=229217"}],"curies":[{"name":"wp","href":"https:\/\/api.w.org\/{rel}","templated":true}]}}