{"id":229215,"date":"2022-03-10T14:16:37","date_gmt":"2022-03-10T13:16:37","guid":{"rendered":"https:\/\/pollmann.de\/produkt\/rolle-verstellbar-gekroepft-mit-aushaengesicherung\/"},"modified":"2022-03-10T14:17:40","modified_gmt":"2022-03-10T13:17:40","slug":"rolle-verstellbar-gekroepft-mit-aushaengesicherung","status":"publish","type":"product","link":"https:\/\/pollmann.de\/de_de\/produkt\/rolle-verstellbar-gekroepft-mit-aushaengesicherung\/","title":{"rendered":"Rolle verstellbar, gekr\u00f6pft mit Aush\u00e4ngesicherung"},"content":{"rendered":"<p>Kr\u00f6pfung = 26 mm, passend zu Winkelb\u00e4ndern, Mittelb\u00e4ndern und Kreuzb\u00e4ndern (Artikel 22153 &#8211; 22158)<\/p>\n","protected":false},"excerpt":{"rendered":"<p>Kr\u00f6pfung = 26 mm, passend zu Winkelb\u00e4ndern, Mittelb\u00e4ndern und Kreuzb\u00e4ndern (Artikel 22153 &#8211; 22158)<\/p>\n","protected":false},"featured_media":227783,"comment_status":"closed","ping_status":"closed","template":"","meta":{"_acf_changed":false,"_et_pb_use_builder":"","_et_pb_old_content":"","_et_gb_content_width":""},"product_brand":[],"product_cat":[2644,741],"product_tag":[786,551,117,97,787,785],"class_list":{"0":"post-229215","1":"product","2":"type-product","3":"status-publish","4":"has-post-thumbnail","6":"product_cat-flex-system-i-seitlich-verstellbar","7":"product_cat-klappladenbeschlaege","8":"product_tag-aushaengesicherung","9":"product_tag-gekroepft","10":"product_tag-gekroepfte-rolle","11":"product_tag-pollmann","12":"product_tag-rolle-fuer-winkelband","13":"product_tag-verstellbare-rolle","14":"pa_varianten-rolle-verstellbar-gekroepft-mit-aushaengesicherung-hell-verzinkt","15":"pa_varianten-rolle-verstellbar-gekroepft-mit-aushaengesicherung-schwarz","17":"first","18":"instock","19":"purchasable","20":"product-type-variable"},"acf":[],"_links":{"self":[{"href":"https:\/\/pollmann.de\/de_de\/wp-json\/wp\/v2\/product\/229215","targetHints":{"allow":["GET"]}}],"collection":[{"href":"https:\/\/pollmann.de\/de_de\/wp-json\/wp\/v2\/product"}],"about":[{"href":"https:\/\/pollmann.de\/de_de\/wp-json\/wp\/v2\/types\/product"}],"replies":[{"embeddable":true,"href":"https:\/\/pollmann.de\/de_de\/wp-json\/wp\/v2\/comments?post=229215"}],"wp:featuredmedia":[{"embeddable":true,"href":"https:\/\/pollmann.de\/de_de\/wp-json\/wp\/v2\/media\/227783"}],"wp:attachment":[{"href":"https:\/\/pollmann.de\/de_de\/wp-json\/wp\/v2\/media?parent=229215"}],"wp:term":[{"taxonomy":"product_brand","embeddable":true,"href":"https:\/\/pollmann.de\/de_de\/wp-json\/wp\/v2\/product_brand?post=229215"},{"taxonomy":"product_cat","embeddable":true,"href":"https:\/\/pollmann.de\/de_de\/wp-json\/wp\/v2\/product_cat?post=229215"},{"taxonomy":"product_tag","embeddable":true,"href":"https:\/\/pollmann.de\/de_de\/wp-json\/wp\/v2\/product_tag?post=229215"}],"curies":[{"name":"wp","href":"https:\/\/api.w.org\/{rel}","templated":true}]}}