{"id":229199,"date":"2022-03-10T14:16:37","date_gmt":"2022-03-10T13:16:37","guid":{"rendered":"https:\/\/pollmann.de\/produkt\/windfalle-fuer-klapplaeden\/"},"modified":"2022-03-10T14:17:48","modified_gmt":"2022-03-10T13:17:48","slug":"windfalle-fuer-klapplaeden","status":"publish","type":"product","link":"https:\/\/pollmann.de\/de_de\/produkt\/windfalle-fuer-klapplaeden\/","title":{"rendered":"Windfalle f\u00fcr Klappl\u00e4den"},"content":{"rendered":"<p>mit F\u00fchrungsblech, Hakenl\u00e4nge 55 mm<\/p>\n","protected":false},"excerpt":{"rendered":"<p>mit F\u00fchrungsblech, Hakenl\u00e4nge 55 mm<\/p>\n","protected":false},"featured_media":227829,"comment_status":"closed","ping_status":"closed","template":"","meta":{"_acf_changed":false,"_et_pb_use_builder":"","_et_pb_old_content":"","_et_gb_content_width":""},"product_brand":[],"product_cat":[837,741],"product_tag":[134,133,97,839],"class_list":{"0":"post-229199","1":"product","2":"type-product","3":"status-publish","4":"has-post-thumbnail","6":"product_cat-feststeller","7":"product_cat-klappladenbeschlaege","8":"product_tag-fensterladen","9":"product_tag-klappladen","10":"product_tag-pollmann","11":"product_tag-windfalle","12":"pa_varianten-windfalle-fuer-klapplaeden-hell-verzinkt","13":"pa_varianten-windfalle-fuer-klapplaeden-schwarz","15":"first","16":"instock","17":"purchasable","18":"product-type-variable"},"acf":[],"_links":{"self":[{"href":"https:\/\/pollmann.de\/de_de\/wp-json\/wp\/v2\/product\/229199","targetHints":{"allow":["GET"]}}],"collection":[{"href":"https:\/\/pollmann.de\/de_de\/wp-json\/wp\/v2\/product"}],"about":[{"href":"https:\/\/pollmann.de\/de_de\/wp-json\/wp\/v2\/types\/product"}],"replies":[{"embeddable":true,"href":"https:\/\/pollmann.de\/de_de\/wp-json\/wp\/v2\/comments?post=229199"}],"wp:featuredmedia":[{"embeddable":true,"href":"https:\/\/pollmann.de\/de_de\/wp-json\/wp\/v2\/media\/227829"}],"wp:attachment":[{"href":"https:\/\/pollmann.de\/de_de\/wp-json\/wp\/v2\/media?parent=229199"}],"wp:term":[{"taxonomy":"product_brand","embeddable":true,"href":"https:\/\/pollmann.de\/de_de\/wp-json\/wp\/v2\/product_brand?post=229199"},{"taxonomy":"product_cat","embeddable":true,"href":"https:\/\/pollmann.de\/de_de\/wp-json\/wp\/v2\/product_cat?post=229199"},{"taxonomy":"product_tag","embeddable":true,"href":"https:\/\/pollmann.de\/de_de\/wp-json\/wp\/v2\/product_tag?post=229199"}],"curies":[{"name":"wp","href":"https:\/\/api.w.org\/{rel}","templated":true}]}}