{"id":229175,"date":"2022-03-10T14:16:37","date_gmt":"2022-03-10T13:16:37","guid":{"rendered":"https:\/\/pollmann.de\/produkt\/innenoeffner-universal-fuer-klapplaeden\/"},"modified":"2022-03-10T14:17:30","modified_gmt":"2022-03-10T13:17:30","slug":"innenoeffner-universal-fuer-klapplaeden","status":"publish","type":"product","link":"https:\/\/pollmann.de\/de_de\/produkt\/innenoeffner-universal-fuer-klapplaeden\/","title":{"rendered":"Innen\u00f6ffner universal f\u00fcr Klappl\u00e4den"},"content":{"rendered":"<p>Anschlag links oder rechts von au\u00dfen gesehen, Bild = Anschlag rechts<\/p>\n","protected":false},"excerpt":{"rendered":"<p>Anschlag links oder rechts von au\u00dfen gesehen, Bild = Anschlag rechts<\/p>\n","protected":false},"featured_media":227722,"comment_status":"closed","ping_status":"closed","template":"","meta":{"_acf_changed":false,"_et_pb_use_builder":"","_et_pb_old_content":"","_et_gb_content_width":""},"product_brand":[],"product_cat":[2635,741],"product_tag":[134,801,133,97,765],"class_list":{"0":"post-229175","1":"product","2":"type-product","3":"status-publish","4":"has-post-thumbnail","6":"product_cat-innenoeffner","7":"product_cat-klappladenbeschlaege","8":"product_tag-fensterladen","9":"product_tag-innenoeffner","10":"product_tag-klappladen","11":"product_tag-pollmann","12":"product_tag-schlagladen","13":"pa_varianten-innenoeffner-universal-320-mm-links","14":"pa_varianten-innenoeffner-universal-320-mm-rechts","15":"pa_varianten-innenoeffner-universal-470-mm-links","16":"pa_varianten-innenoeffner-universal-470-mm-rechts","17":"pa_varianten-innenoeffner-universal-660-mm-links","18":"pa_varianten-innenoeffner-universal-660-mm-rechts","20":"first","21":"instock","22":"purchasable","23":"product-type-variable"},"acf":[],"_links":{"self":[{"href":"https:\/\/pollmann.de\/de_de\/wp-json\/wp\/v2\/product\/229175","targetHints":{"allow":["GET"]}}],"collection":[{"href":"https:\/\/pollmann.de\/de_de\/wp-json\/wp\/v2\/product"}],"about":[{"href":"https:\/\/pollmann.de\/de_de\/wp-json\/wp\/v2\/types\/product"}],"replies":[{"embeddable":true,"href":"https:\/\/pollmann.de\/de_de\/wp-json\/wp\/v2\/comments?post=229175"}],"wp:featuredmedia":[{"embeddable":true,"href":"https:\/\/pollmann.de\/de_de\/wp-json\/wp\/v2\/media\/227722"}],"wp:attachment":[{"href":"https:\/\/pollmann.de\/de_de\/wp-json\/wp\/v2\/media?parent=229175"}],"wp:term":[{"taxonomy":"product_brand","embeddable":true,"href":"https:\/\/pollmann.de\/de_de\/wp-json\/wp\/v2\/product_brand?post=229175"},{"taxonomy":"product_cat","embeddable":true,"href":"https:\/\/pollmann.de\/de_de\/wp-json\/wp\/v2\/product_cat?post=229175"},{"taxonomy":"product_tag","embeddable":true,"href":"https:\/\/pollmann.de\/de_de\/wp-json\/wp\/v2\/product_tag?post=229175"}],"curies":[{"name":"wp","href":"https:\/\/api.w.org\/{rel}","templated":true}]}}