{"id":229174,"date":"2022-03-10T14:16:37","date_gmt":"2022-03-10T13:16:37","guid":{"rendered":"https:\/\/pollmann.de\/produkt\/stangenverschluss-fuer-klapplaeden\/"},"modified":"2022-03-10T14:17:00","modified_gmt":"2022-03-10T13:17:00","slug":"stangenverschluss-fuer-klapplaeden","status":"publish","type":"product","link":"https:\/\/pollmann.de\/de_de\/produkt\/stangenverschluss-fuer-klapplaeden\/","title":{"rendered":"Stangenverschluss f\u00fcr Klappl\u00e4den"},"content":{"rendered":"<p>f\u00fcr ein- und zweifl\u00fcgelige Klappladen-Verschl\u00fcsse, komplett mit zwei geraden und einem schr\u00e4gen Schlie\u00dfzapfen, inklusive Schrauben und Montageanleitung<\/p>\n","protected":false},"excerpt":{"rendered":"<p>f\u00fcr ein- und zweifl\u00fcgelige Klappladen-Verschl\u00fcsse, komplett mit zwei geraden und einem schr\u00e4gen Schlie\u00dfzapfen, inklusive Schrauben und Montageanleitung<\/p>\n","protected":false},"featured_media":227719,"comment_status":"closed","ping_status":"closed","template":"","meta":{"_acf_changed":false,"_et_pb_use_builder":"","_et_pb_old_content":"","_et_gb_content_width":""},"product_brand":[],"product_cat":[741,889],"product_tag":[134,133,97,765,131],"class_list":{"0":"post-229174","1":"product","2":"type-product","3":"status-publish","4":"has-post-thumbnail","6":"product_cat-klappladenbeschlaege","7":"product_cat-verschluesse","8":"product_tag-fensterladen","9":"product_tag-klappladen","10":"product_tag-pollmann","11":"product_tag-schlagladen","12":"product_tag-verschluss","13":"pa_varianten-stangenverschluss-hell-verzinkt","14":"pa_varianten-stangenverschluss-schwarz","16":"first","17":"instock","18":"purchasable","19":"product-type-variable"},"acf":[],"_links":{"self":[{"href":"https:\/\/pollmann.de\/de_de\/wp-json\/wp\/v2\/product\/229174","targetHints":{"allow":["GET"]}}],"collection":[{"href":"https:\/\/pollmann.de\/de_de\/wp-json\/wp\/v2\/product"}],"about":[{"href":"https:\/\/pollmann.de\/de_de\/wp-json\/wp\/v2\/types\/product"}],"replies":[{"embeddable":true,"href":"https:\/\/pollmann.de\/de_de\/wp-json\/wp\/v2\/comments?post=229174"}],"wp:featuredmedia":[{"embeddable":true,"href":"https:\/\/pollmann.de\/de_de\/wp-json\/wp\/v2\/media\/227719"}],"wp:attachment":[{"href":"https:\/\/pollmann.de\/de_de\/wp-json\/wp\/v2\/media?parent=229174"}],"wp:term":[{"taxonomy":"product_brand","embeddable":true,"href":"https:\/\/pollmann.de\/de_de\/wp-json\/wp\/v2\/product_brand?post=229174"},{"taxonomy":"product_cat","embeddable":true,"href":"https:\/\/pollmann.de\/de_de\/wp-json\/wp\/v2\/product_cat?post=229174"},{"taxonomy":"product_tag","embeddable":true,"href":"https:\/\/pollmann.de\/de_de\/wp-json\/wp\/v2\/product_tag?post=229174"}],"curies":[{"name":"wp","href":"https:\/\/api.w.org\/{rel}","templated":true}]}}