{"id":228873,"date":"2022-03-10T14:08:51","date_gmt":"2022-03-10T13:08:51","guid":{"rendered":"https:\/\/pollmann.de\/produkt\/he-anker\/"},"modified":"2022-03-10T14:09:13","modified_gmt":"2022-03-10T13:09:13","slug":"he-anker","status":"publish","type":"product","link":"https:\/\/pollmann.de\/de_de\/produkt\/he-anker\/","title":{"rendered":"HE-Anker"},"content":{"rendered":"<p>Holz-Eisen-Anker f\u00fcr Doppel-T-Tr\u00e4ger, sendzimirverzinkt, Ma\u00df A = 30 mm, CE-Kennzeichnung nach EN 14546<\/p>\n","protected":false},"excerpt":{"rendered":"<p>Holz-Eisen-Anker f\u00fcr Doppel-T-Tr\u00e4ger, sendzimirverzinkt, Ma\u00df A = 30 mm, CE-Kennzeichnung nach EN 14546<\/p>\n","protected":false},"featured_media":228176,"comment_status":"closed","ping_status":"closed","template":"","meta":{"_acf_changed":false,"_et_pb_use_builder":"","_et_pb_old_content":"","_et_gb_content_width":""},"product_brand":[],"product_cat":[1263,1321],"product_tag":[1353,1348,1290,1349,1351,1350,398,97,1345,1347,1352,1346],"class_list":{"0":"post-228873","1":"product","2":"type-product","3":"status-publish","4":"has-post-thumbnail","6":"product_cat-holzverbinder","7":"product_cat-spezialverbinder","8":"product_tag-balken","9":"product_tag-balkenverbinder","10":"product_tag-ce-kennzeichnung","11":"product_tag-doppel-t-traeger","12":"product_tag-he-anker","13":"product_tag-holz-eisen-anker","14":"product_tag-holzverbinder","15":"product_tag-pollmann","16":"product_tag-t-b-verbinder","17":"product_tag-t-traeger-holzvebinderlaschen","18":"product_tag-traeger","19":"product_tag-traeger-balken-verbinder","20":"pa_varianten-he-anker-160-x-40-x-30-x-40-mm","21":"pa_varianten-he-anker-180-x-40-x-30-x-40-mm","22":"pa_varianten-he-anker-200-x-40-x-30-x-40-mm","24":"first","25":"instock","26":"purchasable","27":"product-type-variable"},"acf":[],"_links":{"self":[{"href":"https:\/\/pollmann.de\/de_de\/wp-json\/wp\/v2\/product\/228873","targetHints":{"allow":["GET"]}}],"collection":[{"href":"https:\/\/pollmann.de\/de_de\/wp-json\/wp\/v2\/product"}],"about":[{"href":"https:\/\/pollmann.de\/de_de\/wp-json\/wp\/v2\/types\/product"}],"replies":[{"embeddable":true,"href":"https:\/\/pollmann.de\/de_de\/wp-json\/wp\/v2\/comments?post=228873"}],"wp:featuredmedia":[{"embeddable":true,"href":"https:\/\/pollmann.de\/de_de\/wp-json\/wp\/v2\/media\/228176"}],"wp:attachment":[{"href":"https:\/\/pollmann.de\/de_de\/wp-json\/wp\/v2\/media?parent=228873"}],"wp:term":[{"taxonomy":"product_brand","embeddable":true,"href":"https:\/\/pollmann.de\/de_de\/wp-json\/wp\/v2\/product_brand?post=228873"},{"taxonomy":"product_cat","embeddable":true,"href":"https:\/\/pollmann.de\/de_de\/wp-json\/wp\/v2\/product_cat?post=228873"},{"taxonomy":"product_tag","embeddable":true,"href":"https:\/\/pollmann.de\/de_de\/wp-json\/wp\/v2\/product_tag?post=228873"}],"curies":[{"name":"wp","href":"https:\/\/api.w.org\/{rel}","templated":true}]}}