{"id":228849,"date":"2022-03-10T14:08:51","date_gmt":"2022-03-10T13:08:51","guid":{"rendered":"https:\/\/pollmann.de\/produkt\/flachverbinder-profi-pack-a-25-stueck\/"},"modified":"2022-03-10T14:09:13","modified_gmt":"2022-03-10T13:09:13","slug":"flachverbinder-profi-pack-a-25-stueck","status":"publish","type":"product","link":"https:\/\/pollmann.de\/de_de\/produkt\/flachverbinder-profi-pack-a-25-stueck\/","title":{"rendered":"Flachverbinder Profi-Pack \u00e1 25 St\u00fcck"},"content":{"rendered":"<p>verpackt \u00e0 25 St\u00fcck in PE-Schrumpffolie, sendzimirverzinkt,CE-Zulassung nach DIN EN 14545<\/p>\n","protected":false},"excerpt":{"rendered":"<p>verpackt \u00e0 25 St\u00fcck in PE-Schrumpffolie, sendzimirverzinkt,CE-Zulassung nach DIN EN 14545<\/p>\n","protected":false},"featured_media":228269,"comment_status":"closed","ping_status":"closed","template":"","meta":{"_acf_changed":false,"_et_pb_use_builder":"","_et_pb_old_content":"","_et_gb_content_width":""},"product_brand":[],"product_cat":[1387,1263],"product_tag":[1291,381,398,1396,1388,97],"class_list":{"0":"post-228849","1":"product","2":"type-product","3":"status-publish","4":"has-post-thumbnail","6":"product_cat-flachverbinder","7":"product_cat-holzverbinder","8":"product_tag-ce-zulassung","9":"product_tag-flachverbinder","10":"product_tag-holzverbinder","11":"product_tag-kehlriegelverbinder","12":"product_tag-lochplatte","13":"product_tag-pollmann","14":"pa_varianten-flachverbinder-135-x-55-x-20-profi-pack-a-25-stueck","15":"pa_varianten-flachverbinder-95-x-35-x-25-profi-pack-a-25-stueck","16":"pa_varianten-lochplatten-75-x-200-x-20-profi-pack-a-25-stueck","18":"first","19":"instock","20":"purchasable","21":"product-type-variable"},"acf":[],"_links":{"self":[{"href":"https:\/\/pollmann.de\/de_de\/wp-json\/wp\/v2\/product\/228849","targetHints":{"allow":["GET"]}}],"collection":[{"href":"https:\/\/pollmann.de\/de_de\/wp-json\/wp\/v2\/product"}],"about":[{"href":"https:\/\/pollmann.de\/de_de\/wp-json\/wp\/v2\/types\/product"}],"replies":[{"embeddable":true,"href":"https:\/\/pollmann.de\/de_de\/wp-json\/wp\/v2\/comments?post=228849"}],"wp:featuredmedia":[{"embeddable":true,"href":"https:\/\/pollmann.de\/de_de\/wp-json\/wp\/v2\/media\/228269"}],"wp:attachment":[{"href":"https:\/\/pollmann.de\/de_de\/wp-json\/wp\/v2\/media?parent=228849"}],"wp:term":[{"taxonomy":"product_brand","embeddable":true,"href":"https:\/\/pollmann.de\/de_de\/wp-json\/wp\/v2\/product_brand?post=228849"},{"taxonomy":"product_cat","embeddable":true,"href":"https:\/\/pollmann.de\/de_de\/wp-json\/wp\/v2\/product_cat?post=228849"},{"taxonomy":"product_tag","embeddable":true,"href":"https:\/\/pollmann.de\/de_de\/wp-json\/wp\/v2\/product_tag?post=228849"}],"curies":[{"name":"wp","href":"https:\/\/api.w.org\/{rel}","templated":true}]}}