{"id":228846,"date":"2022-03-10T14:08:51","date_gmt":"2022-03-10T13:08:51","guid":{"rendered":"https:\/\/pollmann.de\/produkt\/balkenschuh-typ-a-aussen-edelstahl\/"},"modified":"2022-03-10T14:09:37","modified_gmt":"2022-03-10T13:09:37","slug":"balkenschuh-typ-a-aussen-edelstahl","status":"publish","type":"product","link":"https:\/\/pollmann.de\/de_de\/produkt\/balkenschuh-typ-a-aussen-edelstahl\/","title":{"rendered":"Balkenschuh Typ A au\u00dfen, Edelstahl"},"content":{"rendered":"<p>nach au\u00dfen abgewinkelt,  f\u00fcr Standardquerschnitte, mit Kombilochung f\u00fcr Anschl\u00fcsse an Beton, Mauerwerk oder Stahl<\/p>\n","protected":false},"excerpt":{"rendered":"<p>nach au\u00dfen abgewinkelt,  f\u00fcr Standardquerschnitte, mit Kombilochung f\u00fcr Anschl\u00fcsse an Beton, Mauerwerk oder Stahl<\/p>\n","protected":false},"featured_media":228183,"comment_status":"closed","ping_status":"closed","template":"","meta":{"_acf_changed":false,"_et_pb_use_builder":"","_et_pb_old_content":"","_et_gb_content_width":""},"product_brand":[],"product_cat":[1366,1263],"product_tag":[1377,1367,1375,1290,1291,257,1378,398,1373,1376,523],"class_list":{"0":"post-228846","1":"product","2":"type-product","3":"status-publish","4":"has-post-thumbnail","6":"product_cat-balkenschuhe","7":"product_cat-holzverbinder","8":"product_tag-aussen","9":"product_tag-balkenschuh","10":"product_tag-balkenschuhe","11":"product_tag-ce-kennzeichnung","12":"product_tag-ce-zulassung","13":"product_tag-edelstahl","14":"product_tag-eta11-0297","15":"product_tag-holzverbinder","16":"product_tag-sendzimirverzinkt","17":"product_tag-typ-a","18":"product_tag-v2a","19":"pa_varianten-balkenschuh-typ-a-aussen-100-x-140-mm-v2a","20":"pa_varianten-balkenschuh-typ-a-aussen-120x160-mm-v2a","21":"pa_varianten-balkenschuh-typ-a-aussen-60-x-100-mm-v2a","22":"pa_varianten-balkenschuh-typ-a-aussen-80-x-120-mm-v2a","24":"first","25":"instock","26":"purchasable","27":"product-type-variable"},"acf":[],"_links":{"self":[{"href":"https:\/\/pollmann.de\/de_de\/wp-json\/wp\/v2\/product\/228846","targetHints":{"allow":["GET"]}}],"collection":[{"href":"https:\/\/pollmann.de\/de_de\/wp-json\/wp\/v2\/product"}],"about":[{"href":"https:\/\/pollmann.de\/de_de\/wp-json\/wp\/v2\/types\/product"}],"replies":[{"embeddable":true,"href":"https:\/\/pollmann.de\/de_de\/wp-json\/wp\/v2\/comments?post=228846"}],"wp:featuredmedia":[{"embeddable":true,"href":"https:\/\/pollmann.de\/de_de\/wp-json\/wp\/v2\/media\/228183"}],"wp:attachment":[{"href":"https:\/\/pollmann.de\/de_de\/wp-json\/wp\/v2\/media?parent=228846"}],"wp:term":[{"taxonomy":"product_brand","embeddable":true,"href":"https:\/\/pollmann.de\/de_de\/wp-json\/wp\/v2\/product_brand?post=228846"},{"taxonomy":"product_cat","embeddable":true,"href":"https:\/\/pollmann.de\/de_de\/wp-json\/wp\/v2\/product_cat?post=228846"},{"taxonomy":"product_tag","embeddable":true,"href":"https:\/\/pollmann.de\/de_de\/wp-json\/wp\/v2\/product_tag?post=228846"}],"curies":[{"name":"wp","href":"https:\/\/api.w.org\/{rel}","templated":true}]}}