{"id":228835,"date":"2022-03-10T14:08:51","date_gmt":"2022-03-10T13:08:51","guid":{"rendered":"https:\/\/pollmann.de\/produkt\/flachverbinder-schwer\/"},"modified":"2022-03-28T12:08:51","modified_gmt":"2022-03-28T10:08:51","slug":"flachverbinder-schwer","status":"publish","type":"product","link":"https:\/\/pollmann.de\/de_de\/produkt\/flachverbinder-schwer\/","title":{"rendered":"Flachverbinder schwer"},"content":{"rendered":"<p>f\u00fcr gro\u00dffl\u00e4chige Verbindungen, sendzimirverzinkt, CE-Zulassung nach DIN EN 14545<\/p>\n","protected":false},"excerpt":{"rendered":"<p>f\u00fcr gro\u00dffl\u00e4chige Verbindungen, sendzimirverzinkt, CE-Zulassung nach DIN EN 14545<\/p>\n","protected":false},"featured_media":228075,"comment_status":"closed","ping_status":"closed","template":"","meta":{"_acf_changed":false,"_et_pb_use_builder":"","_et_pb_old_content":"","_et_gb_content_width":""},"product_brand":[],"product_cat":[1387,1263],"product_tag":[2430,2431,381,398,1396,1388,97],"class_list":{"0":"post-228835","1":"product","2":"type-product","3":"status-publish","4":"has-post-thumbnail","6":"product_cat-flachverbinder","7":"product_cat-holzverbinder","8":"product_tag-175-x-65-x-2","9":"product_tag-5-mm","10":"product_tag-flachverbinder","11":"product_tag-holzverbinder","12":"product_tag-kehlriegelverbinder","13":"product_tag-lochplatte","14":"product_tag-pollmann","15":"pa_varianten-flachverbinder-175-x-65-x-15-mm","16":"pa_varianten-flachverbinder-175-x-65-x-25-mm","17":"pa_varianten-flachverbinder-205-x-90-x-20-mm","18":"pa_varianten-flachverbinder-205-x-90-x-30-mm","20":"first","21":"instock","22":"purchasable","23":"product-type-variable"},"acf":[],"_links":{"self":[{"href":"https:\/\/pollmann.de\/de_de\/wp-json\/wp\/v2\/product\/228835","targetHints":{"allow":["GET"]}}],"collection":[{"href":"https:\/\/pollmann.de\/de_de\/wp-json\/wp\/v2\/product"}],"about":[{"href":"https:\/\/pollmann.de\/de_de\/wp-json\/wp\/v2\/types\/product"}],"replies":[{"embeddable":true,"href":"https:\/\/pollmann.de\/de_de\/wp-json\/wp\/v2\/comments?post=228835"}],"wp:featuredmedia":[{"embeddable":true,"href":"https:\/\/pollmann.de\/de_de\/wp-json\/wp\/v2\/media\/228075"}],"wp:attachment":[{"href":"https:\/\/pollmann.de\/de_de\/wp-json\/wp\/v2\/media?parent=228835"}],"wp:term":[{"taxonomy":"product_brand","embeddable":true,"href":"https:\/\/pollmann.de\/de_de\/wp-json\/wp\/v2\/product_brand?post=228835"},{"taxonomy":"product_cat","embeddable":true,"href":"https:\/\/pollmann.de\/de_de\/wp-json\/wp\/v2\/product_cat?post=228835"},{"taxonomy":"product_tag","embeddable":true,"href":"https:\/\/pollmann.de\/de_de\/wp-json\/wp\/v2\/product_tag?post=228835"}],"curies":[{"name":"wp","href":"https:\/\/api.w.org\/{rel}","templated":true}]}}