{"id":228826,"date":"2022-03-10T14:08:51","date_gmt":"2022-03-10T13:08:51","guid":{"rendered":"https:\/\/pollmann.de\/produkt\/sparrenfuss-fuer-beton\/"},"modified":"2022-03-10T14:09:37","modified_gmt":"2022-03-10T13:09:37","slug":"sparrenfuss-fuer-beton","status":"publish","type":"product","link":"https:\/\/pollmann.de\/de_de\/produkt\/sparrenfuss-fuer-beton\/","title":{"rendered":"Sparrenfu\u00df f\u00fcr Beton"},"content":{"rendered":"<p>f\u00fcr Beton, feuerverzinkt<\/p>\n","protected":false},"excerpt":{"rendered":"<p>f\u00fcr Beton, feuerverzinkt<\/p>\n","protected":false},"featured_media":228194,"comment_status":"closed","ping_status":"closed","template":"","meta":{"_acf_changed":false,"_et_pb_use_builder":"","_et_pb_old_content":"","_et_gb_content_width":""},"product_brand":[],"product_cat":[1263,1321],"product_tag":[1328,398,97,1326,1327,1329],"class_list":{"0":"post-228826","1":"product","2":"type-product","3":"status-publish","4":"has-post-thumbnail","6":"product_cat-holzverbinder","7":"product_cat-spezialverbinder","8":"product_tag-fuer-holz","9":"product_tag-holzverbinder","10":"product_tag-pollmann","11":"product_tag-sparrenfuss","12":"product_tag-sparrenfuesse","13":"product_tag-typ-h","14":"pa_varianten-sparrenfuss-typ-b-100-mm-sparrenbreite","15":"pa_varianten-sparrenfuss-typ-b-120-mm-sparrenbreite","16":"pa_varianten-sparrenfuss-typ-b-80-mm-sparrenbreite","18":"first","19":"instock","20":"purchasable","21":"product-type-variable"},"acf":[],"_links":{"self":[{"href":"https:\/\/pollmann.de\/de_de\/wp-json\/wp\/v2\/product\/228826","targetHints":{"allow":["GET"]}}],"collection":[{"href":"https:\/\/pollmann.de\/de_de\/wp-json\/wp\/v2\/product"}],"about":[{"href":"https:\/\/pollmann.de\/de_de\/wp-json\/wp\/v2\/types\/product"}],"replies":[{"embeddable":true,"href":"https:\/\/pollmann.de\/de_de\/wp-json\/wp\/v2\/comments?post=228826"}],"wp:featuredmedia":[{"embeddable":true,"href":"https:\/\/pollmann.de\/de_de\/wp-json\/wp\/v2\/media\/228194"}],"wp:attachment":[{"href":"https:\/\/pollmann.de\/de_de\/wp-json\/wp\/v2\/media?parent=228826"}],"wp:term":[{"taxonomy":"product_brand","embeddable":true,"href":"https:\/\/pollmann.de\/de_de\/wp-json\/wp\/v2\/product_brand?post=228826"},{"taxonomy":"product_cat","embeddable":true,"href":"https:\/\/pollmann.de\/de_de\/wp-json\/wp\/v2\/product_cat?post=228826"},{"taxonomy":"product_tag","embeddable":true,"href":"https:\/\/pollmann.de\/de_de\/wp-json\/wp\/v2\/product_tag?post=228826"}],"curies":[{"name":"wp","href":"https:\/\/api.w.org\/{rel}","templated":true}]}}