{"id":228822,"date":"2022-03-10T14:08:51","date_gmt":"2022-03-10T13:08:51","guid":{"rendered":"https:\/\/pollmann.de\/produkt\/ankernaegel-kammnaegel\/"},"modified":"2022-03-10T14:09:16","modified_gmt":"2022-03-10T13:09:16","slug":"ankernaegel-kammnaegel","status":"publish","type":"product","link":"https:\/\/pollmann.de\/de_de\/produkt\/ankernaegel-kammnaegel\/","title":{"rendered":"Ankern\u00e4gel (Kammn\u00e4gel)"},"content":{"rendered":"<p>Ankern\u00e4gel (Kammn\u00e4gel), Tragf\u00e4higkeitsklasse III, mit CE Kennzeichen<\/p>\n","protected":false},"excerpt":{"rendered":"<p>Ankern\u00e4gel (Kammn\u00e4gel), Tragf\u00e4higkeitsklasse III, mit CE Kennzeichen<\/p>\n","protected":false},"featured_media":228199,"comment_status":"closed","ping_status":"closed","template":"","meta":{"_acf_changed":false,"_et_pb_use_builder":"","_et_pb_old_content":"","_et_gb_content_width":""},"product_brand":[],"product_cat":[1418,1263],"product_tag":[1428,1431,398,1429,409,1430],"class_list":{"0":"post-228822","1":"product","2":"type-product","3":"status-publish","4":"has-post-thumbnail","6":"product_cat-befestigungstechnik","7":"product_cat-holzverbinder","8":"product_tag-ankernaegel","9":"product_tag-befestigung-holzverbinder","10":"product_tag-holzverbinder","11":"product_tag-kammnaegel","12":"product_tag-naegel","13":"product_tag-rillennaegel","14":"pa_varianten-ankernaegel-kammnaegel-40-x-100-mm-verzinkt","15":"pa_varianten-ankernaegel-kammnaegel-40-x-40-mm-verzinkt","16":"pa_varianten-ankernaegel-kammnaegel-40-x-50-mm-verzinkt","17":"pa_varianten-ankernaegel-kammnaegel-40-x-60-mm-verzinkt","18":"pa_varianten-ankernaegel-kammnaegel-40-x-75-mm-verzinkt","20":"first","21":"instock","22":"purchasable","23":"product-type-variable"},"acf":[],"_links":{"self":[{"href":"https:\/\/pollmann.de\/de_de\/wp-json\/wp\/v2\/product\/228822","targetHints":{"allow":["GET"]}}],"collection":[{"href":"https:\/\/pollmann.de\/de_de\/wp-json\/wp\/v2\/product"}],"about":[{"href":"https:\/\/pollmann.de\/de_de\/wp-json\/wp\/v2\/types\/product"}],"replies":[{"embeddable":true,"href":"https:\/\/pollmann.de\/de_de\/wp-json\/wp\/v2\/comments?post=228822"}],"wp:featuredmedia":[{"embeddable":true,"href":"https:\/\/pollmann.de\/de_de\/wp-json\/wp\/v2\/media\/228199"}],"wp:attachment":[{"href":"https:\/\/pollmann.de\/de_de\/wp-json\/wp\/v2\/media?parent=228822"}],"wp:term":[{"taxonomy":"product_brand","embeddable":true,"href":"https:\/\/pollmann.de\/de_de\/wp-json\/wp\/v2\/product_brand?post=228822"},{"taxonomy":"product_cat","embeddable":true,"href":"https:\/\/pollmann.de\/de_de\/wp-json\/wp\/v2\/product_cat?post=228822"},{"taxonomy":"product_tag","embeddable":true,"href":"https:\/\/pollmann.de\/de_de\/wp-json\/wp\/v2\/product_tag?post=228822"}],"curies":[{"name":"wp","href":"https:\/\/api.w.org\/{rel}","templated":true}]}}