{"id":228821,"date":"2022-03-10T14:08:51","date_gmt":"2022-03-10T13:08:51","guid":{"rendered":"https:\/\/pollmann.de\/produkt\/balkenschuh-typ-a-aussen-standardmasse\/"},"modified":"2022-03-10T14:09:21","modified_gmt":"2022-03-10T13:09:21","slug":"balkenschuh-typ-a-aussen-standardmasse","status":"publish","type":"product","link":"https:\/\/pollmann.de\/de_de\/produkt\/balkenschuh-typ-a-aussen-standardmasse\/","title":{"rendered":"Balkenschuh Typ A au\u00dfen, Standardma\u00dfe"},"content":{"rendered":"<p>f\u00fcr Standardquerschnitte, nach au\u00dfen abgewinkelt, mit Kombilochung, sendzimirverzinkt, CE-Kennzeichnung nach ETA-11\/0298<\/p>\n","protected":false},"excerpt":{"rendered":"<p>f\u00fcr Standardquerschnitte, nach au\u00dfen abgewinkelt, mit Kombilochung, sendzimirverzinkt, CE-Kennzeichnung nach ETA-11\/0298<\/p>\n","protected":false},"featured_media":228180,"comment_status":"closed","ping_status":"closed","template":"","meta":{"_acf_changed":false,"_et_pb_use_builder":"","_et_pb_old_content":"","_et_gb_content_width":""},"product_brand":[],"product_cat":[1366,1263],"product_tag":[1377,1367,1375,1290,1291,1378,398,1373,1376],"class_list":{"0":"post-228821","1":"product","2":"type-product","3":"status-publish","4":"has-post-thumbnail","6":"product_cat-balkenschuhe","7":"product_cat-holzverbinder","8":"product_tag-aussen","9":"product_tag-balkenschuh","10":"product_tag-balkenschuhe","11":"product_tag-ce-kennzeichnung","12":"product_tag-ce-zulassung","13":"product_tag-eta11-0297","14":"product_tag-holzverbinder","15":"product_tag-sendzimirverzinkt","16":"product_tag-typ-a","17":"pa_varianten-balkenschuh-typ-a-aussen-100-x-140-mm","18":"pa_varianten-balkenschuh-typ-a-aussen-120-x-160-mm","19":"pa_varianten-balkenschuh-typ-a-aussen-140-x-180-mm","20":"pa_varianten-balkenschuh-typ-a-aussen-60-x-100-mm","21":"pa_varianten-balkenschuh-typ-a-aussen-80-x-120-mm","23":"first","24":"instock","25":"purchasable","26":"product-type-variable"},"acf":[],"_links":{"self":[{"href":"https:\/\/pollmann.de\/de_de\/wp-json\/wp\/v2\/product\/228821","targetHints":{"allow":["GET"]}}],"collection":[{"href":"https:\/\/pollmann.de\/de_de\/wp-json\/wp\/v2\/product"}],"about":[{"href":"https:\/\/pollmann.de\/de_de\/wp-json\/wp\/v2\/types\/product"}],"replies":[{"embeddable":true,"href":"https:\/\/pollmann.de\/de_de\/wp-json\/wp\/v2\/comments?post=228821"}],"wp:featuredmedia":[{"embeddable":true,"href":"https:\/\/pollmann.de\/de_de\/wp-json\/wp\/v2\/media\/228180"}],"wp:attachment":[{"href":"https:\/\/pollmann.de\/de_de\/wp-json\/wp\/v2\/media?parent=228821"}],"wp:term":[{"taxonomy":"product_brand","embeddable":true,"href":"https:\/\/pollmann.de\/de_de\/wp-json\/wp\/v2\/product_brand?post=228821"},{"taxonomy":"product_cat","embeddable":true,"href":"https:\/\/pollmann.de\/de_de\/wp-json\/wp\/v2\/product_cat?post=228821"},{"taxonomy":"product_tag","embeddable":true,"href":"https:\/\/pollmann.de\/de_de\/wp-json\/wp\/v2\/product_tag?post=228821"}],"curies":[{"name":"wp","href":"https:\/\/api.w.org\/{rel}","templated":true}]}}