{"id":228548,"date":"2022-03-10T13:59:12","date_gmt":"2022-03-10T12:59:12","guid":{"rendered":"https:\/\/pollmann.de\/produkt\/verstellwinkel-hell-verzinkt\/"},"modified":"2022-03-10T13:59:32","modified_gmt":"2022-03-10T12:59:32","slug":"verstellwinkel-hell-verzinkt","status":"publish","type":"product","link":"https:\/\/pollmann.de\/de_de\/produkt\/verstellwinkel-hell-verzinkt\/","title":{"rendered":"Verstellwinkel, hell verzinkt"},"content":{"rendered":"<p>mit Langl\u00f6chern (f\u00fcr Schraube \u00d8 6 mm) f\u00fcr eine variable Befestigung<\/p>\n","protected":false},"excerpt":{"rendered":"<p>mit Langl\u00f6chern (f\u00fcr Schraube \u00d8 6 mm) f\u00fcr eine variable Befestigung<\/p>\n","protected":false},"featured_media":227987,"comment_status":"closed","ping_status":"closed","template":"","meta":{"_acf_changed":false,"_et_pb_use_builder":"","_et_pb_old_content":"","_et_gb_content_width":""},"product_brand":[],"product_cat":[324,374],"product_tag":[375,97,376,377],"class_list":{"0":"post-228548","1":"product","2":"type-product","3":"status-publish","4":"has-post-thumbnail","6":"product_cat-kleineisenwaren","7":"product_cat-winkel-und-verbinder","8":"product_tag-abhaengewinkel","9":"product_tag-pollmann","10":"product_tag-vario-winkel","11":"product_tag-verstellbarer-winkel","12":"pa_varianten-verstellwinkel-35-x-75-mm-hell-verzinkt","13":"pa_varianten-verstellwinkel-65-x-80-mm-hell-verzinkt","15":"first","16":"instock","17":"purchasable","18":"product-type-variable"},"acf":[],"_links":{"self":[{"href":"https:\/\/pollmann.de\/de_de\/wp-json\/wp\/v2\/product\/228548","targetHints":{"allow":["GET"]}}],"collection":[{"href":"https:\/\/pollmann.de\/de_de\/wp-json\/wp\/v2\/product"}],"about":[{"href":"https:\/\/pollmann.de\/de_de\/wp-json\/wp\/v2\/types\/product"}],"replies":[{"embeddable":true,"href":"https:\/\/pollmann.de\/de_de\/wp-json\/wp\/v2\/comments?post=228548"}],"wp:featuredmedia":[{"embeddable":true,"href":"https:\/\/pollmann.de\/de_de\/wp-json\/wp\/v2\/media\/227987"}],"wp:attachment":[{"href":"https:\/\/pollmann.de\/de_de\/wp-json\/wp\/v2\/media?parent=228548"}],"wp:term":[{"taxonomy":"product_brand","embeddable":true,"href":"https:\/\/pollmann.de\/de_de\/wp-json\/wp\/v2\/product_brand?post=228548"},{"taxonomy":"product_cat","embeddable":true,"href":"https:\/\/pollmann.de\/de_de\/wp-json\/wp\/v2\/product_cat?post=228548"},{"taxonomy":"product_tag","embeddable":true,"href":"https:\/\/pollmann.de\/de_de\/wp-json\/wp\/v2\/product_tag?post=228548"}],"curies":[{"name":"wp","href":"https:\/\/api.w.org\/{rel}","templated":true}]}}