{"id":228540,"date":"2022-03-10T13:59:12","date_gmt":"2022-03-10T12:59:12","guid":{"rendered":"https:\/\/pollmann.de\/produkt\/schliessoese-auf-platte-gross-verzinkt\/"},"modified":"2022-03-10T13:59:52","modified_gmt":"2022-03-10T12:59:52","slug":"schliessoese-auf-platte-gross-verzinkt","status":"publish","type":"product","link":"https:\/\/pollmann.de\/de_de\/produkt\/schliessoese-auf-platte-gross-verzinkt\/","title":{"rendered":"Schlie\u00df\u00f6se auf Platte gro\u00df, verzinkt"},"content":{"rendered":"<p>zum Anschrauben, versenkte Lochung, B\u00fcgel L35 x H38 x 9 mm<\/p>\n","protected":false},"excerpt":{"rendered":"<p>zum Anschrauben, versenkte Lochung, B\u00fcgel L35 x H38 x 9 mm<\/p>\n","protected":false},"featured_media":227636,"comment_status":"closed","ping_status":"closed","template":"","meta":{"_acf_changed":false,"_et_pb_use_builder":"","_et_pb_old_content":"","_et_gb_content_width":""},"product_brand":[],"product_cat":[454,324],"product_tag":[493,580,97,494,455],"class_list":{"0":"post-228540","1":"product","2":"type-product","3":"status-publish","4":"has-post-thumbnail","6":"product_cat-kistenbeschlaege","7":"product_cat-kleineisenwaren","8":"product_tag-krampe","9":"product_tag-oese-auf-platte","10":"product_tag-pollmann","11":"product_tag-schliessauge","12":"product_tag-ueberfalle","13":"pa_varianten-oese-auf-platte-55-x-55-x-4-mm-hell-verzinkt","15":"first","16":"instock","17":"purchasable","18":"product-type-variable"},"acf":[],"_links":{"self":[{"href":"https:\/\/pollmann.de\/de_de\/wp-json\/wp\/v2\/product\/228540","targetHints":{"allow":["GET"]}}],"collection":[{"href":"https:\/\/pollmann.de\/de_de\/wp-json\/wp\/v2\/product"}],"about":[{"href":"https:\/\/pollmann.de\/de_de\/wp-json\/wp\/v2\/types\/product"}],"replies":[{"embeddable":true,"href":"https:\/\/pollmann.de\/de_de\/wp-json\/wp\/v2\/comments?post=228540"}],"wp:featuredmedia":[{"embeddable":true,"href":"https:\/\/pollmann.de\/de_de\/wp-json\/wp\/v2\/media\/227636"}],"wp:attachment":[{"href":"https:\/\/pollmann.de\/de_de\/wp-json\/wp\/v2\/media?parent=228540"}],"wp:term":[{"taxonomy":"product_brand","embeddable":true,"href":"https:\/\/pollmann.de\/de_de\/wp-json\/wp\/v2\/product_brand?post=228540"},{"taxonomy":"product_cat","embeddable":true,"href":"https:\/\/pollmann.de\/de_de\/wp-json\/wp\/v2\/product_cat?post=228540"},{"taxonomy":"product_tag","embeddable":true,"href":"https:\/\/pollmann.de\/de_de\/wp-json\/wp\/v2\/product_tag?post=228540"}],"curies":[{"name":"wp","href":"https:\/\/api.w.org\/{rel}","templated":true}]}}