{"id":228538,"date":"2022-03-10T13:59:12","date_gmt":"2022-03-10T12:59:12","guid":{"rendered":"https:\/\/pollmann.de\/produkt\/schlossriegel-gekroepft-100-mm-hell-verzinkt\/"},"modified":"2022-03-10T13:59:56","modified_gmt":"2022-03-10T12:59:56","slug":"schlossriegel-gekroepft-100-mm-hell-verzinkt","status":"publish","type":"product","link":"https:\/\/pollmann.de\/de_de\/produkt\/schlossriegel-gekroepft-100-mm-hell-verzinkt\/","title":{"rendered":"Schlossriegel gekr\u00f6pft 100 mm, hell verzinkt"},"content":{"rendered":"<p>mit Schlie\u00dfblech, abschlie\u00dfbar<\/p>\n","protected":false},"excerpt":{"rendered":"<p>mit Schlie\u00dfblech, abschlie\u00dfbar<\/p>\n","protected":false},"featured_media":227686,"comment_status":"closed","ping_status":"closed","template":"","meta":{"_acf_changed":false,"_et_pb_use_builder":"","_et_pb_old_content":"","_et_gb_content_width":""},"product_brand":[],"product_cat":[324,344],"product_tag":[350,642,641,345,348],"class_list":{"0":"post-228538","1":"product","2":"type-product","3":"status-publish","4":"has-post-thumbnail","6":"product_cat-kleineisenwaren","7":"product_cat-riegel","8":"product_tag-riegel","9":"product_tag-riegel-abschliessbar","10":"product_tag-riegel-gekroepft","11":"product_tag-schlossriegel","12":"product_tag-schubriegel","13":"pa_varianten-schlossriegel-gekroepft-100-mm-hell-verzinkt","14":"pa_varianten-schlossriegel-gekroepft-120-mm-hell-verzinkt","15":"pa_varianten-schlossriegel-gekroepft-140-mm-hell-verzinkt","16":"pa_varianten-schlossriegel-gekroepft-160-mm-hell-verzinkt","18":"first","19":"instock","20":"purchasable","21":"product-type-variable"},"acf":[],"_links":{"self":[{"href":"https:\/\/pollmann.de\/de_de\/wp-json\/wp\/v2\/product\/228538","targetHints":{"allow":["GET"]}}],"collection":[{"href":"https:\/\/pollmann.de\/de_de\/wp-json\/wp\/v2\/product"}],"about":[{"href":"https:\/\/pollmann.de\/de_de\/wp-json\/wp\/v2\/types\/product"}],"replies":[{"embeddable":true,"href":"https:\/\/pollmann.de\/de_de\/wp-json\/wp\/v2\/comments?post=228538"}],"wp:featuredmedia":[{"embeddable":true,"href":"https:\/\/pollmann.de\/de_de\/wp-json\/wp\/v2\/media\/227686"}],"wp:attachment":[{"href":"https:\/\/pollmann.de\/de_de\/wp-json\/wp\/v2\/media?parent=228538"}],"wp:term":[{"taxonomy":"product_brand","embeddable":true,"href":"https:\/\/pollmann.de\/de_de\/wp-json\/wp\/v2\/product_brand?post=228538"},{"taxonomy":"product_cat","embeddable":true,"href":"https:\/\/pollmann.de\/de_de\/wp-json\/wp\/v2\/product_cat?post=228538"},{"taxonomy":"product_tag","embeddable":true,"href":"https:\/\/pollmann.de\/de_de\/wp-json\/wp\/v2\/product_tag?post=228538"}],"curies":[{"name":"wp","href":"https:\/\/api.w.org\/{rel}","templated":true}]}}