{"id":228536,"date":"2022-03-10T13:59:12","date_gmt":"2022-03-10T12:59:12","guid":{"rendered":"https:\/\/pollmann.de\/produkt\/schliessoese-auf-platte-klein-verzinkt\/"},"modified":"2022-03-10T13:59:46","modified_gmt":"2022-03-10T12:59:46","slug":"schliessoese-auf-platte-klein-verzinkt","status":"publish","type":"product","link":"https:\/\/pollmann.de\/de_de\/produkt\/schliessoese-auf-platte-klein-verzinkt\/","title":{"rendered":"Schlie\u00df\u00f6se auf Platte klein, verzinkt"},"content":{"rendered":"<p>zum Anschrauben, versenkte Lochung, B\u00fcgel L20 x H22 x 5 mm<\/p>\n","protected":false},"excerpt":{"rendered":"<p>zum Anschrauben, versenkte Lochung, B\u00fcgel L20 x H22 x 5 mm<\/p>\n","protected":false},"featured_media":227635,"comment_status":"closed","ping_status":"closed","template":"","meta":{"_acf_changed":false,"_et_pb_use_builder":"","_et_pb_old_content":"","_et_gb_content_width":""},"product_brand":[],"product_cat":[454,324],"product_tag":[493,492,97,494],"class_list":{"0":"post-228536","1":"product","2":"type-product","3":"status-publish","4":"has-post-thumbnail","6":"product_cat-kistenbeschlaege","7":"product_cat-kleineisenwaren","8":"product_tag-krampe","9":"product_tag-oese","10":"product_tag-pollmann","11":"product_tag-schliessauge","12":"pa_varianten-oese-auf-platte-35-x-35-x-3-mm-hell-verzinkt","14":"first","15":"instock","16":"purchasable","17":"product-type-variable"},"acf":[],"_links":{"self":[{"href":"https:\/\/pollmann.de\/de_de\/wp-json\/wp\/v2\/product\/228536","targetHints":{"allow":["GET"]}}],"collection":[{"href":"https:\/\/pollmann.de\/de_de\/wp-json\/wp\/v2\/product"}],"about":[{"href":"https:\/\/pollmann.de\/de_de\/wp-json\/wp\/v2\/types\/product"}],"replies":[{"embeddable":true,"href":"https:\/\/pollmann.de\/de_de\/wp-json\/wp\/v2\/comments?post=228536"}],"wp:featuredmedia":[{"embeddable":true,"href":"https:\/\/pollmann.de\/de_de\/wp-json\/wp\/v2\/media\/227635"}],"wp:attachment":[{"href":"https:\/\/pollmann.de\/de_de\/wp-json\/wp\/v2\/media?parent=228536"}],"wp:term":[{"taxonomy":"product_brand","embeddable":true,"href":"https:\/\/pollmann.de\/de_de\/wp-json\/wp\/v2\/product_brand?post=228536"},{"taxonomy":"product_cat","embeddable":true,"href":"https:\/\/pollmann.de\/de_de\/wp-json\/wp\/v2\/product_cat?post=228536"},{"taxonomy":"product_tag","embeddable":true,"href":"https:\/\/pollmann.de\/de_de\/wp-json\/wp\/v2\/product_tag?post=228536"}],"curies":[{"name":"wp","href":"https:\/\/api.w.org\/{rel}","templated":true}]}}