{"id":228522,"date":"2022-03-10T13:59:12","date_gmt":"2022-03-10T12:59:12","guid":{"rendered":"https:\/\/pollmann.de\/produkt\/scharnier-kaentig\/"},"modified":"2022-03-10T13:59:37","modified_gmt":"2022-03-10T12:59:37","slug":"scharnier-kaentig","status":"publish","type":"product","link":"https:\/\/pollmann.de\/de_de\/produkt\/scharnier-kaentig\/","title":{"rendered":"Scharnier k\u00e4ntig"},"content":{"rendered":"<p>mit versenkten Schraubl\u00f6chern und gesichertem Messingstift \u00d8 3 mm<\/p>\n","protected":false},"excerpt":{"rendered":"<p>mit versenkten Schraubl\u00f6chern und gesichertem Messingstift \u00d8 3 mm<\/p>\n","protected":false},"featured_media":227707,"comment_status":"closed","ping_status":"closed","template":"","meta":{"_acf_changed":false,"_et_pb_use_builder":"","_et_pb_old_content":"","_et_gb_content_width":""},"product_brand":[],"product_cat":[324,498],"product_tag":[507,506,503,504,508],"class_list":{"0":"post-228522","1":"product","2":"type-product","3":"status-publish","4":"has-post-thumbnail","6":"product_cat-kleineisenwaren","7":"product_cat-scharniere","8":"product_tag-scharnier-breit","9":"product_tag-scharnier-halbbreit","10":"product_tag-scharnier-schmal","11":"product_tag-scharnier-stark","12":"product_tag-tischband-breit","13":"pa_varianten-scharnier-kaentig-100-x-100-mm-hell-verzinkt","14":"pa_varianten-scharnier-kaentig-30-x-30-mm-hell-verzinkt","15":"pa_varianten-scharnier-kaentig-40-x-40-mm-hell-verzinkt","16":"pa_varianten-scharnier-kaentig-50-x-50-mm-hell-verzinkt","17":"pa_varianten-scharnier-kaentig-60-x-60-mm-hell-verzinkt","18":"pa_varianten-scharnier-kaentig-70-x-70-mm-hell-verzinkt","19":"pa_varianten-scharnier-kaentig-80-x-80-mm-hell-verzinkt","21":"first","22":"instock","23":"purchasable","24":"product-type-variable"},"acf":[],"_links":{"self":[{"href":"https:\/\/pollmann.de\/de_de\/wp-json\/wp\/v2\/product\/228522","targetHints":{"allow":["GET"]}}],"collection":[{"href":"https:\/\/pollmann.de\/de_de\/wp-json\/wp\/v2\/product"}],"about":[{"href":"https:\/\/pollmann.de\/de_de\/wp-json\/wp\/v2\/types\/product"}],"replies":[{"embeddable":true,"href":"https:\/\/pollmann.de\/de_de\/wp-json\/wp\/v2\/comments?post=228522"}],"wp:featuredmedia":[{"embeddable":true,"href":"https:\/\/pollmann.de\/de_de\/wp-json\/wp\/v2\/media\/227707"}],"wp:attachment":[{"href":"https:\/\/pollmann.de\/de_de\/wp-json\/wp\/v2\/media?parent=228522"}],"wp:term":[{"taxonomy":"product_brand","embeddable":true,"href":"https:\/\/pollmann.de\/de_de\/wp-json\/wp\/v2\/product_brand?post=228522"},{"taxonomy":"product_cat","embeddable":true,"href":"https:\/\/pollmann.de\/de_de\/wp-json\/wp\/v2\/product_cat?post=228522"},{"taxonomy":"product_tag","embeddable":true,"href":"https:\/\/pollmann.de\/de_de\/wp-json\/wp\/v2\/product_tag?post=228522"}],"curies":[{"name":"wp","href":"https:\/\/api.w.org\/{rel}","templated":true}]}}