{"id":228477,"date":"2022-03-10T13:59:12","date_gmt":"2022-03-10T12:59:12","guid":{"rendered":"https:\/\/pollmann.de\/produkt\/ueberfalle-mit-oese-hell-verzinkt\/"},"modified":"2022-03-10T13:59:15","modified_gmt":"2022-03-10T12:59:15","slug":"ueberfalle-mit-oese-hell-verzinkt","status":"publish","type":"product","link":"https:\/\/pollmann.de\/de_de\/produkt\/ueberfalle-mit-oese-hell-verzinkt\/","title":{"rendered":"\u00dcberfalle mit \u00d6se, hell verzinkt"},"content":{"rendered":"<p>Verschluss mit breiter Anschraubplatte mit Vierkantloch f\u00fcr Schlossschraube, mit \u00d6se auf Platte 35 x 35 mm, Schlitz 33 x 7 mm<\/p>\n","protected":false},"excerpt":{"rendered":"<p>Verschluss mit breiter Anschraubplatte mit Vierkantloch f\u00fcr Schlossschraube, mit \u00d6se auf Platte 35 x 35 mm, Schlitz 33 x 7 mm<\/p>\n","protected":false},"featured_media":227488,"comment_status":"closed","ping_status":"closed","template":"","meta":{"_acf_changed":false,"_et_pb_use_builder":"","_et_pb_old_content":"","_et_gb_content_width":""},"product_brand":[],"product_cat":[454,324],"product_tag":[496,456,97,490,455,131],"class_list":{"0":"post-228477","1":"product","2":"type-product","3":"status-publish","4":"has-post-thumbnail","6":"product_cat-kistenbeschlaege","7":"product_cat-kleineisenwaren","8":"product_tag-kisten-kreuzschlempe","9":"product_tag-kistenverschluss","10":"product_tag-pollmann","11":"product_tag-sicherheits-ueberfalle","12":"product_tag-ueberfalle","13":"product_tag-verschluss","14":"pa_varianten-ueberfalle-mit-oese-hell-verzinkt","16":"first","17":"instock","18":"product-type-simple"},"acf":[],"_links":{"self":[{"href":"https:\/\/pollmann.de\/de_de\/wp-json\/wp\/v2\/product\/228477","targetHints":{"allow":["GET"]}}],"collection":[{"href":"https:\/\/pollmann.de\/de_de\/wp-json\/wp\/v2\/product"}],"about":[{"href":"https:\/\/pollmann.de\/de_de\/wp-json\/wp\/v2\/types\/product"}],"replies":[{"embeddable":true,"href":"https:\/\/pollmann.de\/de_de\/wp-json\/wp\/v2\/comments?post=228477"}],"wp:featuredmedia":[{"embeddable":true,"href":"https:\/\/pollmann.de\/de_de\/wp-json\/wp\/v2\/media\/227488"}],"wp:attachment":[{"href":"https:\/\/pollmann.de\/de_de\/wp-json\/wp\/v2\/media?parent=228477"}],"wp:term":[{"taxonomy":"product_brand","embeddable":true,"href":"https:\/\/pollmann.de\/de_de\/wp-json\/wp\/v2\/product_brand?post=228477"},{"taxonomy":"product_cat","embeddable":true,"href":"https:\/\/pollmann.de\/de_de\/wp-json\/wp\/v2\/product_cat?post=228477"},{"taxonomy":"product_tag","embeddable":true,"href":"https:\/\/pollmann.de\/de_de\/wp-json\/wp\/v2\/product_tag?post=228477"}],"curies":[{"name":"wp","href":"https:\/\/api.w.org\/{rel}","templated":true}]}}