{"id":228418,"date":"2022-03-10T13:51:22","date_gmt":"2022-03-10T12:51:22","guid":{"rendered":"https:\/\/pollmann.de\/produkt\/stuetzhaken-mit-holzgewinde-dorn-o-6-x-40-mm\/"},"modified":"2022-03-10T13:51:37","modified_gmt":"2022-03-10T12:51:37","slug":"stuetzhaken-mit-holzgewinde-dorn-o-6-x-40-mm","status":"publish","type":"product","link":"https:\/\/pollmann.de\/de_de\/produkt\/stuetzhaken-mit-holzgewinde-dorn-o-6-x-40-mm\/","title":{"rendered":"St\u00fctzhaken mit Holzgewinde, Dorn \u00d8 6 x 40 mm"},"content":{"rendered":"<p>f\u00fcr Fenster-Winkelb\u00e4nder und Mittelb\u00e4nder mit Rolle \u00d8 6 mm, Augenschraube 6 x 40 mm mit Holzgewinde 25 mm lang<\/p>\n","protected":false},"excerpt":{"rendered":"<p>f\u00fcr Fenster-Winkelb\u00e4nder und Mittelb\u00e4nder mit Rolle \u00d8 6 mm, Augenschraube 6 x 40 mm mit Holzgewinde 25 mm lang<\/p>\n","protected":false},"featured_media":227935,"comment_status":"closed","ping_status":"closed","template":"","meta":{"_acf_changed":false,"_et_pb_use_builder":"on","_et_pb_old_content":"f\u00fcr Fenster-Winkelb\u00e4nder und Mittelb\u00e4nder mit Rolle \u00d8 6 mm, Augenschraube 6 x 40 mm mit Holzgewinde 25 mm lang","_et_gb_content_width":""},"product_brand":[],"product_cat":[86,87],"product_tag":[107,88,89,100,101,85,94,84,83,92,93,106],"class_list":{"0":"post-228418","1":"product","2":"type-product","3":"status-publish","4":"has-post-thumbnail","6":"product_cat-fensterbeschlaege","7":"product_cat-stuetzhaken","8":"product_tag-dorn-6-mm","9":"product_tag-fensterband","10":"product_tag-fensterbaender","11":"product_tag-fensterwinkelband","12":"product_tag-fensterwinkelbaender","13":"product_tag-haken","14":"product_tag-historische-beschlaege","15":"product_tag-kloben","16":"product_tag-stuetzhaken","17":"product_tag-winkelband","18":"product_tag-winkelbaender","19":"product_tag-zum-anschrauben","20":"pa_varianten-stuetzhaken-dorn-o-6-mm-mit-holzgewinde-schwarz","21":"pa_varianten-stuetzhaken-dorn-o-6-x-40-mm-mit-holzgewinde-hell-verzinkt","23":"first","24":"instock","25":"purchasable","26":"product-type-variable"},"acf":[],"_links":{"self":[{"href":"https:\/\/pollmann.de\/de_de\/wp-json\/wp\/v2\/product\/228418","targetHints":{"allow":["GET"]}}],"collection":[{"href":"https:\/\/pollmann.de\/de_de\/wp-json\/wp\/v2\/product"}],"about":[{"href":"https:\/\/pollmann.de\/de_de\/wp-json\/wp\/v2\/types\/product"}],"replies":[{"embeddable":true,"href":"https:\/\/pollmann.de\/de_de\/wp-json\/wp\/v2\/comments?post=228418"}],"wp:featuredmedia":[{"embeddable":true,"href":"https:\/\/pollmann.de\/de_de\/wp-json\/wp\/v2\/media\/227935"}],"wp:attachment":[{"href":"https:\/\/pollmann.de\/de_de\/wp-json\/wp\/v2\/media?parent=228418"}],"wp:term":[{"taxonomy":"product_brand","embeddable":true,"href":"https:\/\/pollmann.de\/de_de\/wp-json\/wp\/v2\/product_brand?post=228418"},{"taxonomy":"product_cat","embeddable":true,"href":"https:\/\/pollmann.de\/de_de\/wp-json\/wp\/v2\/product_cat?post=228418"},{"taxonomy":"product_tag","embeddable":true,"href":"https:\/\/pollmann.de\/de_de\/wp-json\/wp\/v2\/product_tag?post=228418"}],"curies":[{"name":"wp","href":"https:\/\/api.w.org\/{rel}","templated":true}]}}