{"id":228415,"date":"2022-03-10T13:51:22","date_gmt":"2022-03-10T12:51:22","guid":{"rendered":"https:\/\/pollmann.de\/produkt\/ankettel-mit-plattenoese-symmetrisch-hell-verzinkt\/"},"modified":"2022-03-10T13:51:28","modified_gmt":"2022-03-10T12:51:28","slug":"ankettel-mit-plattenoese-symmetrisch-hell-verzinkt","status":"publish","type":"product","link":"https:\/\/pollmann.de\/de_de\/produkt\/ankettel-mit-plattenoese-symmetrisch-hell-verzinkt\/","title":{"rendered":"Ankettel mit Platten\u00f6se, symmetrisch, hell verzinkt"},"content":{"rendered":"<p>Platten\u00f6se 12 x 40 mm, Zuzieh\u00f6se des Kettelhakens symmetrisch zum Fenster<\/p>\n","protected":false},"excerpt":{"rendered":"<p>Platten\u00f6se 12 x 40 mm, Zuzieh\u00f6se des Kettelhakens symmetrisch zum Fenster<\/p>\n","protected":false},"featured_media":227958,"comment_status":"closed","ping_status":"closed","template":"","meta":{"_acf_changed":false,"_et_pb_use_builder":"","_et_pb_old_content":"","_et_gb_content_width":""},"product_brand":[],"product_cat":[138,86],"product_tag":[105,139,104,98],"class_list":{"0":"post-228415","1":"product","2":"type-product","3":"status-publish","4":"has-post-thumbnail","6":"product_cat-ankettel","7":"product_cat-fensterbeschlaege","8":"product_tag-ankettel","9":"product_tag-daenischer-fensterverschluss-kettelhaken","10":"product_tag-fensterbeschlag","11":"product_tag-fensterhaken","12":"pa_varianten-ankettel-mit-plattenoese-symmetrisch-hell-verzinkt","14":"first","15":"instock","16":"purchasable","17":"product-type-simple"},"acf":[],"_links":{"self":[{"href":"https:\/\/pollmann.de\/de_de\/wp-json\/wp\/v2\/product\/228415","targetHints":{"allow":["GET"]}}],"collection":[{"href":"https:\/\/pollmann.de\/de_de\/wp-json\/wp\/v2\/product"}],"about":[{"href":"https:\/\/pollmann.de\/de_de\/wp-json\/wp\/v2\/types\/product"}],"replies":[{"embeddable":true,"href":"https:\/\/pollmann.de\/de_de\/wp-json\/wp\/v2\/comments?post=228415"}],"wp:featuredmedia":[{"embeddable":true,"href":"https:\/\/pollmann.de\/de_de\/wp-json\/wp\/v2\/media\/227958"}],"wp:attachment":[{"href":"https:\/\/pollmann.de\/de_de\/wp-json\/wp\/v2\/media?parent=228415"}],"wp:term":[{"taxonomy":"product_brand","embeddable":true,"href":"https:\/\/pollmann.de\/de_de\/wp-json\/wp\/v2\/product_brand?post=228415"},{"taxonomy":"product_cat","embeddable":true,"href":"https:\/\/pollmann.de\/de_de\/wp-json\/wp\/v2\/product_cat?post=228415"},{"taxonomy":"product_tag","embeddable":true,"href":"https:\/\/pollmann.de\/de_de\/wp-json\/wp\/v2\/product_tag?post=228415"}],"curies":[{"name":"wp","href":"https:\/\/api.w.org\/{rel}","templated":true}]}}