{"id":228414,"date":"2022-03-10T13:51:22","date_gmt":"2022-03-10T12:51:22","guid":{"rendered":"https:\/\/pollmann.de\/produkt\/stuetzhaken-mit-metrischem-gewinde-dorn-o-6-mm\/"},"modified":"2022-03-10T13:51:37","modified_gmt":"2022-03-10T12:51:37","slug":"stuetzhaken-mit-metrischem-gewinde-dorn-o-6-mm","status":"publish","type":"product","link":"https:\/\/pollmann.de\/de_de\/produkt\/stuetzhaken-mit-metrischem-gewinde-dorn-o-6-mm\/","title":{"rendered":"St\u00fctzhaken mit metrischem Gewinde, Dorn \u00d8 6 mm"},"content":{"rendered":"<p>f\u00fcr Fenster-Winkelb\u00e4nder und Mittelb\u00e4nder mit Rolle \u00d8 6 mm,<br \/>\nDornl\u00e4nge = 32 mm, metrisches Gewinde 6 x 40 mm<\/p>\n","protected":false},"excerpt":{"rendered":"<p>f\u00fcr Fenster-Winkelb\u00e4nder und Mittelb\u00e4nder mit Rolle \u00d8 6 mm,<br \/>\nDornl\u00e4nge = 32 mm, metrisches Gewinde 6 x 40 mm<\/p>\n","protected":false},"featured_media":227939,"comment_status":"closed","ping_status":"closed","template":"","meta":{"_acf_changed":false,"_et_pb_use_builder":"on","_et_pb_old_content":"f\u00fcr Fenster-Winkelb\u00e4nder und Mittelb\u00e4nder mit Rolle \u00d8 6 mm, \nDornl\u00e4nge = 32 mm, metrisches Gewinde 6 x 40 mm","_et_gb_content_width":""},"product_brand":[],"product_cat":[86,87],"product_tag":[90,91,88,89,85,94,84,83,92,93],"class_list":{"0":"post-228414","1":"product","2":"type-product","3":"status-publish","4":"has-post-thumbnail","6":"product_cat-fensterbeschlaege","7":"product_cat-stuetzhaken","8":"product_tag-fenster-winkelband","9":"product_tag-fenster-winkelbaender","10":"product_tag-fensterband","11":"product_tag-fensterbaender","12":"product_tag-haken","13":"product_tag-historische-beschlaege","14":"product_tag-kloben","15":"product_tag-stuetzhaken","16":"product_tag-winkelband","17":"product_tag-winkelbaender","18":"pa_varianten-stuetzhaken-dorn-o-6-mm-mit-metrischem-gewinde-hell-verzinkt","19":"pa_varianten-stuetzhaken-dorn-o-6-mm-mit-metrischem-gewinde-schwarz","21":"first","22":"instock","23":"purchasable","24":"product-type-variable"},"acf":[],"_links":{"self":[{"href":"https:\/\/pollmann.de\/de_de\/wp-json\/wp\/v2\/product\/228414","targetHints":{"allow":["GET"]}}],"collection":[{"href":"https:\/\/pollmann.de\/de_de\/wp-json\/wp\/v2\/product"}],"about":[{"href":"https:\/\/pollmann.de\/de_de\/wp-json\/wp\/v2\/types\/product"}],"replies":[{"embeddable":true,"href":"https:\/\/pollmann.de\/de_de\/wp-json\/wp\/v2\/comments?post=228414"}],"wp:featuredmedia":[{"embeddable":true,"href":"https:\/\/pollmann.de\/de_de\/wp-json\/wp\/v2\/media\/227939"}],"wp:attachment":[{"href":"https:\/\/pollmann.de\/de_de\/wp-json\/wp\/v2\/media?parent=228414"}],"wp:term":[{"taxonomy":"product_brand","embeddable":true,"href":"https:\/\/pollmann.de\/de_de\/wp-json\/wp\/v2\/product_brand?post=228414"},{"taxonomy":"product_cat","embeddable":true,"href":"https:\/\/pollmann.de\/de_de\/wp-json\/wp\/v2\/product_cat?post=228414"},{"taxonomy":"product_tag","embeddable":true,"href":"https:\/\/pollmann.de\/de_de\/wp-json\/wp\/v2\/product_tag?post=228414"}],"curies":[{"name":"wp","href":"https:\/\/api.w.org\/{rel}","templated":true}]}}