{"id":228413,"date":"2022-03-10T13:51:22","date_gmt":"2022-03-10T12:51:22","guid":{"rendered":"https:\/\/pollmann.de\/produkt\/fenster-winkelband-z-rolle-o-8-mm-gekroepft-feuerverzinkt\/"},"modified":"2022-03-10T13:51:35","modified_gmt":"2022-03-10T12:51:35","slug":"fenster-winkelband-z-rolle-o-8-mm-gekroepft-feuerverzinkt","status":"publish","type":"product","link":"https:\/\/pollmann.de\/de_de\/produkt\/fenster-winkelband-z-rolle-o-8-mm-gekroepft-feuerverzinkt\/","title":{"rendered":"Fenster-Winkelband Z  Rolle \u00d8 8 mm, gekr\u00f6pft, feuerverzinkt"},"content":{"rendered":"<p>mit Zierspitzen, gekr\u00f6pfte Rolle \u00d8 8 mm zur b\u00fcndigen Montage, Kr\u00f6pfung 13 mm, passend zu St\u00fctzhaken mit 8 mm Dorn<\/p>\n","protected":false},"excerpt":{"rendered":"<p>mit Zierspitzen, gekr\u00f6pfte Rolle \u00d8 8 mm zur b\u00fcndigen Montage, Kr\u00f6pfung 13 mm, passend zu St\u00fctzhaken mit 8 mm Dorn<\/p>\n","protected":false},"featured_media":227883,"comment_status":"closed","ping_status":"closed","template":"","meta":{"_acf_changed":false,"_et_pb_use_builder":"","_et_pb_old_content":"","_et_gb_content_width":""},"product_brand":[],"product_cat":[108,86],"product_tag":[90,88,113,100,117,94,116],"class_list":{"0":"post-228413","1":"product","2":"type-product","3":"status-publish","4":"has-post-thumbnail","6":"product_cat-fensterbaender","7":"product_cat-fensterbeschlaege","8":"product_tag-fenster-winkelband","9":"product_tag-fensterband","10":"product_tag-fensterbeschlaege","11":"product_tag-fensterwinkelband","12":"product_tag-gekroepfte-rolle","13":"product_tag-historische-beschlaege","14":"product_tag-rolle-8-mm","15":"pa_varianten-fenster-winkelband-z-8-200-x-155-mm-gekroepft-feuerverzinkt","17":"first","18":"instock","19":"purchasable","20":"product-type-variable"},"acf":[],"_links":{"self":[{"href":"https:\/\/pollmann.de\/de_de\/wp-json\/wp\/v2\/product\/228413","targetHints":{"allow":["GET"]}}],"collection":[{"href":"https:\/\/pollmann.de\/de_de\/wp-json\/wp\/v2\/product"}],"about":[{"href":"https:\/\/pollmann.de\/de_de\/wp-json\/wp\/v2\/types\/product"}],"replies":[{"embeddable":true,"href":"https:\/\/pollmann.de\/de_de\/wp-json\/wp\/v2\/comments?post=228413"}],"wp:featuredmedia":[{"embeddable":true,"href":"https:\/\/pollmann.de\/de_de\/wp-json\/wp\/v2\/media\/227883"}],"wp:attachment":[{"href":"https:\/\/pollmann.de\/de_de\/wp-json\/wp\/v2\/media?parent=228413"}],"wp:term":[{"taxonomy":"product_brand","embeddable":true,"href":"https:\/\/pollmann.de\/de_de\/wp-json\/wp\/v2\/product_brand?post=228413"},{"taxonomy":"product_cat","embeddable":true,"href":"https:\/\/pollmann.de\/de_de\/wp-json\/wp\/v2\/product_cat?post=228413"},{"taxonomy":"product_tag","embeddable":true,"href":"https:\/\/pollmann.de\/de_de\/wp-json\/wp\/v2\/product_tag?post=228413"}],"curies":[{"name":"wp","href":"https:\/\/api.w.org\/{rel}","templated":true}]}}