{"id":228412,"date":"2022-03-10T13:51:22","date_gmt":"2022-03-10T12:51:22","guid":{"rendered":"https:\/\/pollmann.de\/produkt\/stuetzhaken-fuer-sturmhaken-zum-anschrauben\/"},"modified":"2022-03-10T13:51:38","modified_gmt":"2022-03-10T12:51:38","slug":"stuetzhaken-fuer-sturmhaken-zum-anschrauben","status":"publish","type":"product","link":"https:\/\/pollmann.de\/de_de\/produkt\/stuetzhaken-fuer-sturmhaken-zum-anschrauben\/","title":{"rendered":"St\u00fctzhaken f\u00fcr Sturmhaken zum Anschrauben"},"content":{"rendered":"<p>f\u00fcr Sturmhaken mit Ringschraube, Dorn \u00d8 5,5 mm, Dornabstand 13,3 mm (Hinterkante Platte &#8211; Mitte Dorn)<\/p>\n","protected":false},"excerpt":{"rendered":"<p>f\u00fcr Sturmhaken mit Ringschraube, Dorn \u00d8 5,5 mm, Dornabstand 13,3 mm (Hinterkante Platte &#8211; Mitte Dorn)<\/p>\n","protected":false},"featured_media":227968,"comment_status":"closed","ping_status":"closed","template":"","meta":{"_acf_changed":false,"_et_pb_use_builder":"","_et_pb_old_content":"","_et_gb_content_width":""},"product_brand":[],"product_cat":[86,2472],"product_tag":[105,104,103,83],"class_list":{"0":"post-228412","1":"product","2":"type-product","3":"status-publish","4":"has-post-thumbnail","6":"product_cat-fensterbeschlaege","7":"product_cat-feststeller-fensterbeschlaege","8":"product_tag-ankettel","9":"product_tag-fensterbeschlag","10":"product_tag-sturmhaken","11":"product_tag-stuetzhaken","12":"pa_varianten-stuetzhaken-zum-anschrauben-dorn-o-55-mm-hell-verzinkt","14":"first","15":"instock","16":"purchasable","17":"product-type-variable"},"acf":[],"_links":{"self":[{"href":"https:\/\/pollmann.de\/de_de\/wp-json\/wp\/v2\/product\/228412","targetHints":{"allow":["GET"]}}],"collection":[{"href":"https:\/\/pollmann.de\/de_de\/wp-json\/wp\/v2\/product"}],"about":[{"href":"https:\/\/pollmann.de\/de_de\/wp-json\/wp\/v2\/types\/product"}],"replies":[{"embeddable":true,"href":"https:\/\/pollmann.de\/de_de\/wp-json\/wp\/v2\/comments?post=228412"}],"wp:featuredmedia":[{"embeddable":true,"href":"https:\/\/pollmann.de\/de_de\/wp-json\/wp\/v2\/media\/227968"}],"wp:attachment":[{"href":"https:\/\/pollmann.de\/de_de\/wp-json\/wp\/v2\/media?parent=228412"}],"wp:term":[{"taxonomy":"product_brand","embeddable":true,"href":"https:\/\/pollmann.de\/de_de\/wp-json\/wp\/v2\/product_brand?post=228412"},{"taxonomy":"product_cat","embeddable":true,"href":"https:\/\/pollmann.de\/de_de\/wp-json\/wp\/v2\/product_cat?post=228412"},{"taxonomy":"product_tag","embeddable":true,"href":"https:\/\/pollmann.de\/de_de\/wp-json\/wp\/v2\/product_tag?post=228412"}],"curies":[{"name":"wp","href":"https:\/\/api.w.org\/{rel}","templated":true}]}}