{"id":228408,"date":"2022-03-10T13:51:22","date_gmt":"2022-03-10T12:51:22","guid":{"rendered":"https:\/\/pollmann.de\/produkt\/stuetzhaken-fuer-sturmhakenzum-einschlagen\/"},"modified":"2022-03-10T13:51:35","modified_gmt":"2022-03-10T12:51:35","slug":"stuetzhaken-fuer-sturmhakenzum-einschlagen","status":"publish","type":"product","link":"https:\/\/pollmann.de\/de_de\/produkt\/stuetzhaken-fuer-sturmhakenzum-einschlagen\/","title":{"rendered":"St\u00fctzhaken f\u00fcr Sturmhakenzum Einschlagen"},"content":{"rendered":"<p>f\u00fcr Sturmhaken mit Ringschraube, Dorn \u00d8 5,5 mm<\/p>\n","protected":false},"excerpt":{"rendered":"<p>f\u00fcr Sturmhaken mit Ringschraube, Dorn \u00d8 5,5 mm<\/p>\n","protected":false},"featured_media":227966,"comment_status":"closed","ping_status":"closed","template":"","meta":{"_acf_changed":false,"_et_pb_use_builder":"","_et_pb_old_content":"","_et_gb_content_width":""},"product_brand":[],"product_cat":[86,2472],"product_tag":[105,104,103,83],"class_list":{"0":"post-228408","1":"product","2":"type-product","3":"status-publish","4":"has-post-thumbnail","6":"product_cat-fensterbeschlaege","7":"product_cat-feststeller-fensterbeschlaege","8":"product_tag-ankettel","9":"product_tag-fensterbeschlag","10":"product_tag-sturmhaken","11":"product_tag-stuetzhaken","12":"pa_varianten-stuetzhaken-zum-einschlagen-dorn-o-55-mm-hell-verzinkt","14":"first","15":"instock","16":"purchasable","17":"product-type-variable"},"acf":[],"_links":{"self":[{"href":"https:\/\/pollmann.de\/de_de\/wp-json\/wp\/v2\/product\/228408","targetHints":{"allow":["GET"]}}],"collection":[{"href":"https:\/\/pollmann.de\/de_de\/wp-json\/wp\/v2\/product"}],"about":[{"href":"https:\/\/pollmann.de\/de_de\/wp-json\/wp\/v2\/types\/product"}],"replies":[{"embeddable":true,"href":"https:\/\/pollmann.de\/de_de\/wp-json\/wp\/v2\/comments?post=228408"}],"wp:featuredmedia":[{"embeddable":true,"href":"https:\/\/pollmann.de\/de_de\/wp-json\/wp\/v2\/media\/227966"}],"wp:attachment":[{"href":"https:\/\/pollmann.de\/de_de\/wp-json\/wp\/v2\/media?parent=228408"}],"wp:term":[{"taxonomy":"product_brand","embeddable":true,"href":"https:\/\/pollmann.de\/de_de\/wp-json\/wp\/v2\/product_brand?post=228408"},{"taxonomy":"product_cat","embeddable":true,"href":"https:\/\/pollmann.de\/de_de\/wp-json\/wp\/v2\/product_cat?post=228408"},{"taxonomy":"product_tag","embeddable":true,"href":"https:\/\/pollmann.de\/de_de\/wp-json\/wp\/v2\/product_tag?post=228408"}],"curies":[{"name":"wp","href":"https:\/\/api.w.org\/{rel}","templated":true}]}}