{"id":228295,"date":"2022-03-10T13:30:07","date_gmt":"2022-03-10T12:30:07","guid":{"rendered":"https:\/\/pollmann.de\/produkt\/holzschrauben-r\/"},"modified":"2022-03-14T13:03:00","modified_gmt":"2022-03-14T12:03:00","slug":"holzschrauben-r","status":"publish","type":"product","link":"https:\/\/pollmann.de\/de_de\/produkt\/holzschrauben-r\/","title":{"rendered":"Holzschrauben R"},"content":{"rendered":"<p>Kopf geh\u00e4mmert, passend zu randgeh\u00e4mmerten Beschl\u00e4gen<\/p>\n","protected":false},"excerpt":{"rendered":"<p>Kopf geh\u00e4mmert, passend zu randgeh\u00e4mmerten Beschl\u00e4gen<\/p>\n","protected":false},"featured_media":228061,"comment_status":"closed","ping_status":"closed","template":"","meta":{"_acf_changed":false,"_et_pb_use_builder":"","_et_pb_old_content":"","_et_gb_content_width":""},"product_brand":[],"product_cat":[203],"product_tag":[215,216,212],"class_list":{"0":"post-228295","1":"product","2":"type-product","3":"status-publish","4":"has-post-thumbnail","6":"product_cat-schrauben-und-zubehoer","7":"product_tag-befestigung","8":"product_tag-schmiedeeisern","9":"product_tag-schrauben","10":"pa_varianten-holzschrauben-r-35-x-20-mm","11":"pa_varianten-holzschrauben-r-35-x-25-mm","12":"pa_varianten-holzschrauben-r-45-x-30-mm","13":"pa_varianten-holzschrauben-r-5-x-40-mm","15":"first","16":"instock","17":"purchasable","18":"product-type-variable"},"acf":[],"_links":{"self":[{"href":"https:\/\/pollmann.de\/de_de\/wp-json\/wp\/v2\/product\/228295","targetHints":{"allow":["GET"]}}],"collection":[{"href":"https:\/\/pollmann.de\/de_de\/wp-json\/wp\/v2\/product"}],"about":[{"href":"https:\/\/pollmann.de\/de_de\/wp-json\/wp\/v2\/types\/product"}],"replies":[{"embeddable":true,"href":"https:\/\/pollmann.de\/de_de\/wp-json\/wp\/v2\/comments?post=228295"}],"wp:featuredmedia":[{"embeddable":true,"href":"https:\/\/pollmann.de\/de_de\/wp-json\/wp\/v2\/media\/228061"}],"wp:attachment":[{"href":"https:\/\/pollmann.de\/de_de\/wp-json\/wp\/v2\/media?parent=228295"}],"wp:term":[{"taxonomy":"product_brand","embeddable":true,"href":"https:\/\/pollmann.de\/de_de\/wp-json\/wp\/v2\/product_brand?post=228295"},{"taxonomy":"product_cat","embeddable":true,"href":"https:\/\/pollmann.de\/de_de\/wp-json\/wp\/v2\/product_cat?post=228295"},{"taxonomy":"product_tag","embeddable":true,"href":"https:\/\/pollmann.de\/de_de\/wp-json\/wp\/v2\/product_tag?post=228295"}],"curies":[{"name":"wp","href":"https:\/\/api.w.org\/{rel}","templated":true}]}}